{"id":1007,"date":"2022-03-10T18:52:39","date_gmt":"2022-03-10T18:52:39","guid":{"rendered":"https:\/\/textilcarmem.com.br\/?page_id=1007"},"modified":"2022-05-04T17:56:05","modified_gmt":"2022-05-04T17:56:05","slug":"blog","status":"publish","type":"page","link":"https:\/\/textilcarmem.com.br\/en\/blog\/","title":{"rendered":"Blog"},"content":{"rendered":"<div data-elementor-type=\"wp-page\" data-elementor-id=\"1007\" class=\"elementor elementor-1007\" data-elementor-post-type=\"page\">\n\t\t\t\t\t\t<section class=\"elementor-section elementor-top-section elementor-element elementor-element-bb5b754 elementor-section-content-middle elementor-reverse-mobile elementor-section-boxed elementor-section-height-default elementor-section-height-default\" data-id=\"bb5b754\" data-element_type=\"section\" data-e-type=\"section\" data-settings=\"{&quot;background_background&quot;:&quot;gradient&quot;,&quot;_ob_glider_is_slider&quot;:&quot;no&quot;}\">\n\t\t\t\t\t\t\t<div class=\"elementor-background-overlay\"><\/div>\n\t\t\t\t\t\t\t<div class=\"elementor-container elementor-column-gap-default\">\n\t\t\t\t\t<div class=\"elementor-column elementor-col-50 elementor-top-column elementor-element elementor-element-89d51ab\" data-id=\"89d51ab\" data-element_type=\"column\" data-e-type=\"column\" data-settings=\"{&quot;_ob_column_hoveranimator&quot;:&quot;no&quot;,&quot;_ob_column_has_pseudo&quot;:&quot;no&quot;}\">\n\t\t\t<div class=\"elementor-widget-wrap elementor-element-populated\">\n\t\t\t\t\t\t<div class=\"elementor-element elementor-element-b4648d0 elementor-icon-list--layout-inline elementor-mobile-align-center elementor-list-item-link-full_width ob-has-background-overlay elementor-widget elementor-widget-icon-list\" data-id=\"b4648d0\" data-element_type=\"widget\" data-e-type=\"widget\" data-settings=\"{&quot;_ob_widget_stalker_use&quot;:&quot;no&quot;,&quot;_ob_poopart_use&quot;:&quot;yes&quot;,&quot;_ob_shadough_use&quot;:&quot;no&quot;,&quot;_ob_allow_hoveranimator&quot;:&quot;no&quot;}\" data-widget_type=\"icon-list.default\">\n\t\t\t\t\t\t\t<ul class=\"elementor-icon-list-items elementor-inline-items\">\n\t\t\t\t\t\t\t<li class=\"elementor-icon-list-item elementor-inline-item\">\n\t\t\t\t\t\t\t\t\t\t\t<a href=\"https:\/\/textilcarmem.com.br\/en\">\n\n\t\t\t\t\t\t\t\t\t\t\t<span class=\"elementor-icon-list-text\">Home<\/span>\n\t\t\t\t\t\t\t\t\t\t\t<\/a>\n\t\t\t\t\t\t\t\t\t<\/li>\n\t\t\t\t\t\t\t\t<li class=\"elementor-icon-list-item elementor-inline-item\">\n\t\t\t\t\t\t\t\t\t\t\t<span class=\"elementor-icon-list-icon\">\n\t\t\t\t\t\t\t<i aria-hidden=\"true\" class=\"icon icon-minus\"><\/i>\t\t\t\t\t\t<\/span>\n\t\t\t\t\t\t\t\t\t\t<span class=\"elementor-icon-list-text\"><\/span>\n\t\t\t\t\t\t\t\t\t<\/li>\n\t\t\t\t\t\t<\/ul>\n\t\t\t\t\t\t<\/div>\n\t\t\t\t<div class=\"elementor-element elementor-element-8a4bf36 ob-harakiri-inherit ob-has-background-overlay elementor-widget elementor-widget-heading\" data-id=\"8a4bf36\" data-element_type=\"widget\" data-e-type=\"widget\" data-settings=\"{&quot;_ob_use_harakiri&quot;:&quot;yes&quot;,&quot;_ob_harakiri_writing_mode&quot;:&quot;inherit&quot;,&quot;_ob_harakiri_text_clip&quot;:&quot;none&quot;,&quot;_ob_widget_stalker_use&quot;:&quot;no&quot;,&quot;_ob_poopart_use&quot;:&quot;yes&quot;,&quot;_ob_shadough_use&quot;:&quot;no&quot;,&quot;_ob_allow_hoveranimator&quot;:&quot;no&quot;}\" data-widget_type=\"heading.default\">\n\t\t\t\t\t<h1 class=\"elementor-heading-title elementor-size-default\">All Posts<\/h1>\t\t\t\t<\/div>\n\t\t\t\t\t<\/div>\n\t\t<\/div>\n\t\t\t\t<div class=\"elementor-column elementor-col-50 elementor-top-column elementor-element elementor-element-d775418\" data-id=\"d775418\" data-element_type=\"column\" data-e-type=\"column\" data-settings=\"{&quot;_ob_column_hoveranimator&quot;:&quot;no&quot;,&quot;_ob_column_has_pseudo&quot;:&quot;no&quot;}\">\n\t\t\t<div class=\"elementor-widget-wrap elementor-element-populated\">\n\t\t\t\t\t\t<div class=\"elementor-element elementor-element-56e74c3 ob-has-background-overlay elementor-widget elementor-widget-image\" data-id=\"56e74c3\" data-element_type=\"widget\" data-e-type=\"widget\" data-settings=\"{&quot;_ob_photomorph_use&quot;:&quot;no&quot;,&quot;_ob_widget_stalker_use&quot;:&quot;no&quot;,&quot;_ob_poopart_use&quot;:&quot;yes&quot;,&quot;_ob_shadough_use&quot;:&quot;no&quot;,&quot;_ob_allow_hoveranimator&quot;:&quot;no&quot;}\" data-widget_type=\"image.default\">\n\t\t\t\t\t\t\t\t\t\t\t\t\t\t\t<img decoding=\"async\" src=\"https:\/\/textilcarmem.com.br\/wp-content\/uploads\/elementor\/thumbs\/imagem-home-emp-textil-carmem-qzntp45p2q19h2gqah1rsybm6lcgsh2maqj62qykc0.jpg\" title=\"imagem-home-emp-textil-carmem\" alt=\"imagem-home-emp-textil-carmem\" loading=\"lazy\" \/>\t\t\t\t\t\t\t\t\t\t\t\t\t\t\t<\/div>\n\t\t\t\t\t<\/div>\n\t\t<\/div>\n\t\t\t\t\t<\/div>\n\t\t<\/section>\n\t\t\t\t<section class=\"elementor-section elementor-top-section elementor-element elementor-element-00b439a elementor-section-boxed elementor-section-height-default elementor-section-height-default\" data-id=\"00b439a\" data-element_type=\"section\" data-e-type=\"section\" data-settings=\"{&quot;_ob_glider_is_slider&quot;:&quot;no&quot;}\">\n\t\t\t\t\t\t<div class=\"elementor-container elementor-column-gap-default\">\n\t\t\t\t\t<div class=\"elementor-column elementor-col-100 elementor-top-column elementor-element elementor-element-04dd53a\" data-id=\"04dd53a\" data-element_type=\"column\" data-e-type=\"column\" data-settings=\"{&quot;_ob_column_hoveranimator&quot;:&quot;no&quot;,&quot;_ob_column_has_pseudo&quot;:&quot;no&quot;}\">\n\t\t\t<div class=\"elementor-widget-wrap elementor-element-populated\">\n\t\t\t\t\t\t<div class=\"elementor-element elementor-element-de138aa elementor-grid-tablet-3 elementor-grid-2 elementor-grid-mobile-1 elementor-posts--thumbnail-top elementor-posts__hover-gradient ob-has-background-overlay elementor-widget elementor-widget-posts\" data-id=\"de138aa\" data-element_type=\"widget\" data-e-type=\"widget\" data-settings=\"{&quot;cards_columns_tablet&quot;:&quot;3&quot;,&quot;cards_row_gap&quot;:{&quot;unit&quot;:&quot;px&quot;,&quot;size&quot;:20,&quot;sizes&quot;:[]},&quot;cards_columns&quot;:&quot;2&quot;,&quot;pagination_type&quot;:&quot;numbers&quot;,&quot;cards_columns_mobile&quot;:&quot;1&quot;,&quot;cards_row_gap_tablet&quot;:{&quot;unit&quot;:&quot;px&quot;,&quot;size&quot;:&quot;&quot;,&quot;sizes&quot;:[]},&quot;cards_row_gap_mobile&quot;:{&quot;unit&quot;:&quot;px&quot;,&quot;size&quot;:&quot;&quot;,&quot;sizes&quot;:[]},&quot;_ob_widget_stalker_use&quot;:&quot;no&quot;,&quot;_ob_poopart_use&quot;:&quot;yes&quot;,&quot;_ob_shadough_use&quot;:&quot;no&quot;,&quot;_ob_allow_hoveranimator&quot;:&quot;no&quot;}\" data-widget_type=\"posts.cards\">\n\t\t\t\t<div class=\"elementor-widget-container\">\n\t\t\t\t\t\t\t<div class=\"elementor-posts-container elementor-posts elementor-posts--skin-cards elementor-grid\" role=\"list\">\n\t\t\t\t<article class=\"elementor-post elementor-grid-item post-1371 post type-post status-publish format-standard has-post-thumbnail hentry category-uncategorized\" role=\"listitem\">\n\t\t\t<div class=\"elementor-post__card\">\n\t\t\t\t<a class=\"elementor-post__thumbnail__link\" href=\"https:\/\/textilcarmem.com.br\/en\/viscose-para-um-futuro-sustentavel\/\" tabindex=\"-1\" ><div class=\"elementor-post__thumbnail\"><img fetchpriority=\"high\" decoding=\"async\" width=\"800\" height=\"534\" src=\"https:\/\/textilcarmem.com.br\/wp-content\/uploads\/2022\/05\/capa-textilcarmem-ecovero-1024x683.jpg\" class=\"attachment-large size-large wp-image-1372\" alt=\"\" srcset=\"https:\/\/textilcarmem.com.br\/wp-content\/uploads\/2022\/05\/capa-textilcarmem-ecovero-1024x683.jpg 1024w, https:\/\/textilcarmem.com.br\/wp-content\/uploads\/2022\/05\/capa-textilcarmem-ecovero-300x200.jpg 300w, https:\/\/textilcarmem.com.br\/wp-content\/uploads\/2022\/05\/capa-textilcarmem-ecovero-768x512.jpg 768w, https:\/\/textilcarmem.com.br\/wp-content\/uploads\/2022\/05\/capa-textilcarmem-ecovero.jpg 1440w\" sizes=\"(max-width: 800px) 100vw, 800px\" \/><\/div><\/a>\n\t\t\t\t<div class=\"elementor-post__badge\">Uncategorized<\/div>\n\t\t\t\t<div class=\"elementor-post__text\">\n\t\t\t\t<h3 class=\"elementor-post__title\">\n\t\t\t<a href=\"https:\/\/textilcarmem.com.br\/en\/viscose-para-um-futuro-sustentavel\/\" >\n\t\t\t\tViscose for a sustainable future\t\t\t<\/a>\n\t\t<\/h3>\n\t\t\t\t<div class=\"elementor-post__excerpt\">\n\t\t\t<p>We recently participated in the launch of the campaign in collaboration with Farm and Lenzing, with the aim of taking sustainability to a new level.<\/p>\n\t\t<\/div>\n\t\t\t\t<\/div>\n\t\t\t\t\t<\/div>\n\t\t<\/article>\n\t\t\t\t<article class=\"elementor-post elementor-grid-item post-920 post type-post status-publish format-standard has-post-thumbnail hentry category-novidade\" role=\"listitem\">\n\t\t\t<div class=\"elementor-post__card\">\n\t\t\t\t<a class=\"elementor-post__thumbnail__link\" href=\"https:\/\/textilcarmem.com.br\/en\/nova-plataforma\/\" tabindex=\"-1\" ><div class=\"elementor-post__thumbnail\"><img decoding=\"async\" width=\"800\" height=\"534\" src=\"https:\/\/textilcarmem.com.br\/wp-content\/uploads\/2022\/03\/novo-website-textil-carmem-1024x683.jpg\" class=\"attachment-large size-large wp-image-1306\" alt=\"\" srcset=\"https:\/\/textilcarmem.com.br\/wp-content\/uploads\/2022\/03\/novo-website-textil-carmem-1024x683.jpg 1024w, https:\/\/textilcarmem.com.br\/wp-content\/uploads\/2022\/03\/novo-website-textil-carmem-300x200.jpg 300w, https:\/\/textilcarmem.com.br\/wp-content\/uploads\/2022\/03\/novo-website-textil-carmem-768x512.jpg 768w, https:\/\/textilcarmem.com.br\/wp-content\/uploads\/2022\/03\/novo-website-textil-carmem-1536x1024.jpg 1536w, https:\/\/textilcarmem.com.br\/wp-content\/uploads\/2022\/03\/novo-website-textil-carmem.jpg 1920w\" sizes=\"(max-width: 800px) 100vw, 800px\" \/><\/div><\/a>\n\t\t\t\t<div class=\"elementor-post__badge\">News<\/div>\n\t\t\t\t<div class=\"elementor-post__text\">\n\t\t\t\t<h3 class=\"elementor-post__title\">\n\t\t\t<a href=\"https:\/\/textilcarmem.com.br\/en\/nova-plataforma\/\" >\n\t\t\t\tNew Website Textil Carmem\t\t\t<\/a>\n\t\t<\/h3>\n\t\t\t\t<div class=\"elementor-post__excerpt\">\n\t\t\t<p>We are proud to announce the launch of Textil Carmem's new website. Textil Carmem has, as of today, a new face in<\/p>\n\t\t<\/div>\n\t\t\t\t<\/div>\n\t\t\t\t\t<\/div>\n\t\t<\/article>\n\t\t\t\t<article class=\"elementor-post elementor-grid-item post-918 post type-post status-publish format-standard has-post-thumbnail hentry category-participacao\" role=\"listitem\">\n\t\t\t<div class=\"elementor-post__card\">\n\t\t\t\t<a class=\"elementor-post__thumbnail__link\" href=\"https:\/\/textilcarmem.com.br\/en\/textil-carmem-mundo-empresarial\/\" tabindex=\"-1\" ><div class=\"elementor-post__thumbnail\"><img decoding=\"async\" width=\"777\" height=\"1024\" src=\"https:\/\/textilcarmem.com.br\/wp-content\/uploads\/2022\/03\/secao-contato-textil-carmem-777x1024.jpg\" class=\"attachment-large size-large wp-image-870\" alt=\"\" srcset=\"https:\/\/textilcarmem.com.br\/wp-content\/uploads\/2022\/03\/secao-contato-textil-carmem-777x1024.jpg 777w, https:\/\/textilcarmem.com.br\/wp-content\/uploads\/2022\/03\/secao-contato-textil-carmem-228x300.jpg 228w, https:\/\/textilcarmem.com.br\/wp-content\/uploads\/2022\/03\/secao-contato-textil-carmem-768x1012.jpg 768w, https:\/\/textilcarmem.com.br\/wp-content\/uploads\/2022\/03\/secao-contato-textil-carmem.jpg 1025w\" sizes=\"(max-width: 777px) 100vw, 777px\" \/><\/div><\/a>\n\t\t\t\t<div class=\"elementor-post__badge\">Participation<\/div>\n\t\t\t\t<div class=\"elementor-post__text\">\n\t\t\t\t<h3 class=\"elementor-post__title\">\n\t\t\t<a href=\"https:\/\/textilcarmem.com.br\/en\/textil-carmem-mundo-empresarial\/\" >\n\t\t\t\tTextil Carmem in the Mundo Empresarial program\t\t\t<\/a>\n\t\t<\/h3>\n\t\t\t\t<div class=\"elementor-post__excerpt\">\n\t\t\t<p>On 08\/01\/2021 we had the pleasure to tell a little about our trajectory in the Mundo Empresarial program on Rede TV, which has as main focus<\/p>\n\t\t<\/div>\n\t\t\t\t<\/div>\n\t\t\t\t\t<\/div>\n\t\t<\/article>\n\t\t\t\t<article class=\"elementor-post elementor-grid-item post-916 post type-post status-publish format-standard has-post-thumbnail hentry category-institucional\" role=\"listitem\">\n\t\t\t<div class=\"elementor-post__card\">\n\t\t\t\t<a class=\"elementor-post__thumbnail__link\" href=\"https:\/\/textilcarmem.com.br\/en\/compromisso-com-o-ambiente\/\" tabindex=\"-1\" ><div class=\"elementor-post__thumbnail\"><img loading=\"lazy\" decoding=\"async\" width=\"800\" height=\"534\" src=\"https:\/\/textilcarmem.com.br\/wp-content\/uploads\/2022\/03\/meio-ambiente-textil-carmem-1024x683.jpg\" class=\"attachment-large size-large wp-image-441\" alt=\"\" srcset=\"https:\/\/textilcarmem.com.br\/wp-content\/uploads\/2022\/03\/meio-ambiente-textil-carmem-1024x683.jpg 1024w, https:\/\/textilcarmem.com.br\/wp-content\/uploads\/2022\/03\/meio-ambiente-textil-carmem-300x200.jpg 300w, https:\/\/textilcarmem.com.br\/wp-content\/uploads\/2022\/03\/meio-ambiente-textil-carmem-768x512.jpg 768w, https:\/\/textilcarmem.com.br\/wp-content\/uploads\/2022\/03\/meio-ambiente-textil-carmem.jpg 1440w\" sizes=\"(max-width: 800px) 100vw, 800px\" \/><\/div><\/a>\n\t\t\t\t<div class=\"elementor-post__badge\">Institucional<\/div>\n\t\t\t\t<div class=\"elementor-post__text\">\n\t\t\t\t<h3 class=\"elementor-post__title\">\n\t\t\t<a href=\"https:\/\/textilcarmem.com.br\/en\/compromisso-com-o-ambiente\/\" >\n\t\t\t\tCommitment to the environment\t\t\t<\/a>\n\t\t<\/h3>\n\t\t\t\t<div class=\"elementor-post__excerpt\">\n\t\t\t<p>The world is changing and more and more companies are being challenged to improve their performance towards the environment. That's why<\/p>\n\t\t<\/div>\n\t\t\t\t<\/div>\n\t\t\t\t\t<\/div>\n\t\t<\/article>\n\t\t\t\t<\/div>\n\t\t\n\t\t\t\t\t\t<\/div>\n\t\t\t\t<\/div>\n\t\t\t\t\t<\/div>\n\t\t<\/div>\n\t\t\t\t\t<\/div>\n\t\t<\/section>\n\t\t\t\t<\/div>","protected":false},"excerpt":{"rendered":"<p>Home Todos os Posts<\/p>","protected":false},"author":1,"featured_media":0,"parent":0,"menu_order":0,"comment_status":"closed","ping_status":"closed","template":"elementor_header_footer","meta":{"footnotes":""},"class_list":["post-1007","page","type-page","status-publish","hentry"],"yoast_head":"<!-- This site is optimized with the Yoast SEO plugin v27.2 - https:\/\/yoast.com\/product\/yoast-seo-wordpress\/ -->\n<title>Blog - Textil Carmem<\/title>\n<meta name=\"robots\" content=\"index, follow, max-snippet:-1, max-image-preview:large, max-video-preview:-1\" \/>\n<link rel=\"canonical\" href=\"https:\/\/textilcarmem.com.br\/en\/blog\/\" \/>\n<meta property=\"og:locale\" content=\"en_US\" \/>\n<meta property=\"og:type\" content=\"article\" \/>\n<meta property=\"og:title\" content=\"Blog - Textil Carmem\" \/>\n<meta property=\"og:description\" content=\"Home Todos os Posts\" \/>\n<meta property=\"og:url\" content=\"https:\/\/textilcarmem.com.br\/en\/blog\/\" \/>\n<meta property=\"og:site_name\" content=\"Textil Carmem\" \/>\n<meta property=\"article:modified_time\" content=\"2022-05-04T17:56:05+00:00\" \/>\n<meta property=\"og:image\" content=\"https:\/\/textilcarmem.com.br\/wp-content\/uploads\/elementor\/thumbs\/imagem-home-emp-textil-carmem-ploc2srtwqhtd1hl2ct3tfmnow9f1wm4psh4ihos4w.jpg\" \/>\n<meta name=\"twitter:card\" content=\"summary_large_image\" \/>\n<meta name=\"twitter:label1\" content=\"Est. reading time\" \/>\n\t<meta name=\"twitter:data1\" content=\"2 minutes\" \/>\n<script type=\"application\/ld+json\" class=\"yoast-schema-graph\">{\"@context\":\"https:\/\/schema.org\",\"@graph\":[{\"@type\":\"WebPage\",\"@id\":\"https:\/\/textilcarmem.com.br\/blog\/\",\"url\":\"https:\/\/textilcarmem.com.br\/blog\/\",\"name\":\"Blog - Textil Carmem\",\"isPartOf\":{\"@id\":\"https:\/\/textilcarmem.com.br\/#website\"},\"primaryImageOfPage\":{\"@id\":\"https:\/\/textilcarmem.com.br\/blog\/#primaryimage\"},\"image\":{\"@id\":\"https:\/\/textilcarmem.com.br\/blog\/#primaryimage\"},\"thumbnailUrl\":\"https:\/\/textilcarmem.com.br\/wp-content\/uploads\/elementor\/thumbs\/imagem-home-emp-textil-carmem-ploc2srtwqhtd1hl2ct3tfmnow9f1wm4psh4ihos4w.jpg\",\"datePublished\":\"2022-03-10T18:52:39+00:00\",\"dateModified\":\"2022-05-04T17:56:05+00:00\",\"breadcrumb\":{\"@id\":\"https:\/\/textilcarmem.com.br\/blog\/#breadcrumb\"},\"inLanguage\":\"en-US\",\"potentialAction\":[{\"@type\":\"ReadAction\",\"target\":[\"https:\/\/textilcarmem.com.br\/blog\/\"]}]},{\"@type\":\"ImageObject\",\"inLanguage\":\"en-US\",\"@id\":\"https:\/\/textilcarmem.com.br\/blog\/#primaryimage\",\"url\":\"https:\/\/textilcarmem.com.br\/wp-content\/uploads\/elementor\/thumbs\/imagem-home-emp-textil-carmem-ploc2srtwqhtd1hl2ct3tfmnow9f1wm4psh4ihos4w.jpg\",\"contentUrl\":\"https:\/\/textilcarmem.com.br\/wp-content\/uploads\/elementor\/thumbs\/imagem-home-emp-textil-carmem-ploc2srtwqhtd1hl2ct3tfmnow9f1wm4psh4ihos4w.jpg\"},{\"@type\":\"BreadcrumbList\",\"@id\":\"https:\/\/textilcarmem.com.br\/blog\/#breadcrumb\",\"itemListElement\":[{\"@type\":\"ListItem\",\"position\":1,\"name\":\"In\u00edcio\",\"item\":\"https:\/\/textilcarmem.com.br\/\"},{\"@type\":\"ListItem\",\"position\":2,\"name\":\"Blog\"}]},{\"@type\":\"WebSite\",\"@id\":\"https:\/\/textilcarmem.com.br\/#website\",\"url\":\"https:\/\/textilcarmem.com.br\/\",\"name\":\"Textil Carmem\",\"description\":\"Ind\u00fastria T\u00eaxtil. Fabricante de fios t\u00eaxteis para Malharia e Tecelagem. Itapira, SP.\",\"publisher\":{\"@id\":\"https:\/\/textilcarmem.com.br\/#organization\"},\"potentialAction\":[{\"@type\":\"SearchAction\",\"target\":{\"@type\":\"EntryPoint\",\"urlTemplate\":\"https:\/\/textilcarmem.com.br\/?s={search_term_string}\"},\"query-input\":{\"@type\":\"PropertyValueSpecification\",\"valueRequired\":true,\"valueName\":\"search_term_string\"}}],\"inLanguage\":\"en-US\"},{\"@type\":\"Organization\",\"@id\":\"https:\/\/textilcarmem.com.br\/#organization\",\"name\":\"Textil Carmem\",\"url\":\"https:\/\/textilcarmem.com.br\/\",\"logo\":{\"@type\":\"ImageObject\",\"inLanguage\":\"en-US\",\"@id\":\"https:\/\/textilcarmem.com.br\/#\/schema\/logo\/image\/\",\"url\":\"https:\/\/textilcarmem.com.br\/wp-content\/uploads\/2022\/01\/logo-textil-carmem-site-v2.jpg\",\"contentUrl\":\"https:\/\/textilcarmem.com.br\/wp-content\/uploads\/2022\/01\/logo-textil-carmem-site-v2.jpg\",\"width\":272,\"height\":69,\"caption\":\"Textil Carmem\"},\"image\":{\"@id\":\"https:\/\/textilcarmem.com.br\/#\/schema\/logo\/image\/\"}}]}<\/script>\n<!-- \/ Yoast SEO plugin. -->","yoast_head_json":{"title":"Blog - Textil Carmem","robots":{"index":"index","follow":"follow","max-snippet":"max-snippet:-1","max-image-preview":"max-image-preview:large","max-video-preview":"max-video-preview:-1"},"canonical":"https:\/\/textilcarmem.com.br\/en\/blog\/","og_locale":"en_US","og_type":"article","og_title":"Blog - Textil Carmem","og_description":"Home Todos os Posts","og_url":"https:\/\/textilcarmem.com.br\/en\/blog\/","og_site_name":"Textil Carmem","article_modified_time":"2022-05-04T17:56:05+00:00","og_image":[{"url":"https:\/\/textilcarmem.com.br\/wp-content\/uploads\/elementor\/thumbs\/imagem-home-emp-textil-carmem-ploc2srtwqhtd1hl2ct3tfmnow9f1wm4psh4ihos4w.jpg","type":"","width":"","height":""}],"twitter_card":"summary_large_image","twitter_misc":{"Est. reading time":"2 minutes"},"schema":{"@context":"https:\/\/schema.org","@graph":[{"@type":"WebPage","@id":"https:\/\/textilcarmem.com.br\/blog\/","url":"https:\/\/textilcarmem.com.br\/blog\/","name":"Blog - Textil Carmem","isPartOf":{"@id":"https:\/\/textilcarmem.com.br\/#website"},"primaryImageOfPage":{"@id":"https:\/\/textilcarmem.com.br\/blog\/#primaryimage"},"image":{"@id":"https:\/\/textilcarmem.com.br\/blog\/#primaryimage"},"thumbnailUrl":"https:\/\/textilcarmem.com.br\/wp-content\/uploads\/elementor\/thumbs\/imagem-home-emp-textil-carmem-ploc2srtwqhtd1hl2ct3tfmnow9f1wm4psh4ihos4w.jpg","datePublished":"2022-03-10T18:52:39+00:00","dateModified":"2022-05-04T17:56:05+00:00","breadcrumb":{"@id":"https:\/\/textilcarmem.com.br\/blog\/#breadcrumb"},"inLanguage":"en-US","potentialAction":[{"@type":"ReadAction","target":["https:\/\/textilcarmem.com.br\/blog\/"]}]},{"@type":"ImageObject","inLanguage":"en-US","@id":"https:\/\/textilcarmem.com.br\/blog\/#primaryimage","url":"https:\/\/textilcarmem.com.br\/wp-content\/uploads\/elementor\/thumbs\/imagem-home-emp-textil-carmem-ploc2srtwqhtd1hl2ct3tfmnow9f1wm4psh4ihos4w.jpg","contentUrl":"https:\/\/textilcarmem.com.br\/wp-content\/uploads\/elementor\/thumbs\/imagem-home-emp-textil-carmem-ploc2srtwqhtd1hl2ct3tfmnow9f1wm4psh4ihos4w.jpg"},{"@type":"BreadcrumbList","@id":"https:\/\/textilcarmem.com.br\/blog\/#breadcrumb","itemListElement":[{"@type":"ListItem","position":1,"name":"In\u00edcio","item":"https:\/\/textilcarmem.com.br\/"},{"@type":"ListItem","position":2,"name":"Blog"}]},{"@type":"WebSite","@id":"https:\/\/textilcarmem.com.br\/#website","url":"https:\/\/textilcarmem.com.br\/","name":"Textil Carmem","description":"Ind\u00fastria T\u00eaxtil. Fabricante de fios t\u00eaxteis para Malharia e Tecelagem. Itapira, SP.","publisher":{"@id":"https:\/\/textilcarmem.com.br\/#organization"},"potentialAction":[{"@type":"SearchAction","target":{"@type":"EntryPoint","urlTemplate":"https:\/\/textilcarmem.com.br\/?s={search_term_string}"},"query-input":{"@type":"PropertyValueSpecification","valueRequired":true,"valueName":"search_term_string"}}],"inLanguage":"en-US"},{"@type":"Organization","@id":"https:\/\/textilcarmem.com.br\/#organization","name":"Textil Carmem","url":"https:\/\/textilcarmem.com.br\/","logo":{"@type":"ImageObject","inLanguage":"en-US","@id":"https:\/\/textilcarmem.com.br\/#\/schema\/logo\/image\/","url":"https:\/\/textilcarmem.com.br\/wp-content\/uploads\/2022\/01\/logo-textil-carmem-site-v2.jpg","contentUrl":"https:\/\/textilcarmem.com.br\/wp-content\/uploads\/2022\/01\/logo-textil-carmem-site-v2.jpg","width":272,"height":69,"caption":"Textil Carmem"},"image":{"@id":"https:\/\/textilcarmem.com.br\/#\/schema\/logo\/image\/"}}]}},"_links":{"self":[{"href":"https:\/\/textilcarmem.com.br\/en\/wp-json\/wp\/v2\/pages\/1007","targetHints":{"allow":["GET"]}}],"collection":[{"href":"https:\/\/textilcarmem.com.br\/en\/wp-json\/wp\/v2\/pages"}],"about":[{"href":"https:\/\/textilcarmem.com.br\/en\/wp-json\/wp\/v2\/types\/page"}],"author":[{"embeddable":true,"href":"https:\/\/textilcarmem.com.br\/en\/wp-json\/wp\/v2\/users\/1"}],"replies":[{"embeddable":true,"href":"https:\/\/textilcarmem.com.br\/en\/wp-json\/wp\/v2\/comments?post=1007"}],"version-history":[{"count":0,"href":"https:\/\/textilcarmem.com.br\/en\/wp-json\/wp\/v2\/pages\/1007\/revisions"}],"wp:attachment":[{"href":"https:\/\/textilcarmem.com.br\/en\/wp-json\/wp\/v2\/media?parent=1007"}],"curies":[{"name":"wp","href":"https:\/\/api.w.org\/{rel}","templated":true}]}}