{"id":1271,"date":"2022-04-05T19:00:03","date_gmt":"2022-04-05T19:00:03","guid":{"rendered":"https:\/\/textilcarmem.com.br\/politica-de-cookies-br\/"},"modified":"2022-04-06T11:11:01","modified_gmt":"2022-04-06T11:11:01","slug":"politica-de-cookies-br","status":"publish","type":"page","link":"https:\/\/textilcarmem.com.br\/en\/politica-de-cookies-br\/","title":{"rendered":"Pol\u00edtica de Cookies (BR)"},"content":{"rendered":"\t\t<div data-elementor-type=\"wp-page\" data-elementor-id=\"1271\" class=\"elementor elementor-1271\" data-elementor-post-type=\"page\">\n\t\t\t\t\t\t<section class=\"elementor-section elementor-top-section elementor-element elementor-element-5fb1c041 elementor-section-boxed elementor-section-height-default elementor-section-height-default\" data-id=\"5fb1c041\" data-element_type=\"section\" data-e-type=\"section\" data-settings=\"{&quot;_ob_glider_is_slider&quot;:&quot;no&quot;}\">\n\t\t\t\t\t\t<div class=\"elementor-container elementor-column-gap-default\">\n\t\t\t\t\t<div class=\"elementor-column elementor-col-100 elementor-top-column elementor-element elementor-element-558c32d9\" data-id=\"558c32d9\" data-element_type=\"column\" data-e-type=\"column\" data-settings=\"{&quot;_ob_column_hoveranimator&quot;:&quot;no&quot;,&quot;_ob_column_has_pseudo&quot;:&quot;no&quot;}\">\n\t\t\t<div class=\"elementor-widget-wrap elementor-element-populated\">\n\t\t\t\t\t\t<div class=\"elementor-element elementor-element-725445b7 ob-has-background-overlay elementor-widget elementor-widget-shortcode\" data-id=\"725445b7\" data-element_type=\"widget\" data-e-type=\"widget\" data-settings=\"{&quot;_ob_widget_stalker_use&quot;:&quot;no&quot;,&quot;_ob_poopart_use&quot;:&quot;yes&quot;,&quot;_ob_shadough_use&quot;:&quot;no&quot;,&quot;_ob_allow_hoveranimator&quot;:&quot;no&quot;}\" data-widget_type=\"shortcode.default\">\n\t\t\t\t\t\t\t<div class=\"elementor-shortcode\">[cmplz-document type=\"cookie-statement\" region=\"br\"]<\/div>\n\t\t\t\t\t\t<\/div>\n\t\t\t\t\t<\/div>\n\t\t<\/div>\n\t\t\t\t\t<\/div>\n\t\t<\/section>\n\t\t\t\t<\/div>\n\t\t","protected":false},"excerpt":{"rendered":"<p>[cmplz-document type=&#8221;cookie-statement&#8221; region=&#8221;br&#8221;]<\/p>\n","protected":false},"author":1,"featured_media":0,"parent":0,"menu_order":0,"comment_status":"closed","ping_status":"closed","template":"","meta":{"footnotes":""},"class_list":["post-1271","page","type-page","status-publish","hentry"],"yoast_head":"<!-- This site is optimized with the Yoast SEO plugin v27.2 - https:\/\/yoast.com\/product\/yoast-seo-wordpress\/ -->\n<title>Pol\u00edtica de Cookies (BR) - Textil Carmem<\/title>\n<meta name=\"robots\" content=\"index, follow, max-snippet:-1, max-image-preview:large, max-video-preview:-1\" \/>\n<link rel=\"canonical\" href=\"https:\/\/textilcarmem.com.br\/en\/politica-de-cookies-br\/\" \/>\n<meta property=\"og:locale\" content=\"en_US\" \/>\n<meta property=\"og:type\" content=\"article\" \/>\n<meta property=\"og:title\" content=\"Pol\u00edtica de Cookies (BR) - Textil Carmem\" \/>\n<meta property=\"og:description\" content=\"[cmplz-document type=&#8221;cookie-statement&#8221; region=&#8221;br&#8221;]\" \/>\n<meta property=\"og:url\" content=\"https:\/\/textilcarmem.com.br\/en\/politica-de-cookies-br\/\" \/>\n<meta property=\"og:site_name\" content=\"Textil Carmem\" \/>\n<meta property=\"article:modified_time\" content=\"2022-04-06T11:11:01+00:00\" \/>\n<meta name=\"twitter:card\" content=\"summary_large_image\" \/>\n<script type=\"application\/ld+json\" class=\"yoast-schema-graph\">{\"@context\":\"https:\/\/schema.org\",\"@graph\":[{\"@type\":\"WebPage\",\"@id\":\"https:\/\/textilcarmem.com.br\/politica-de-cookies-br\/\",\"url\":\"https:\/\/textilcarmem.com.br\/politica-de-cookies-br\/\",\"name\":\"Pol\u00edtica de Cookies (BR) - Textil Carmem\",\"isPartOf\":{\"@id\":\"https:\/\/textilcarmem.com.br\/#website\"},\"datePublished\":\"2022-04-05T19:00:03+00:00\",\"dateModified\":\"2022-04-06T11:11:01+00:00\",\"breadcrumb\":{\"@id\":\"https:\/\/textilcarmem.com.br\/politica-de-cookies-br\/#breadcrumb\"},\"inLanguage\":\"en-US\",\"potentialAction\":[{\"@type\":\"ReadAction\",\"target\":[\"https:\/\/textilcarmem.com.br\/politica-de-cookies-br\/\"]}]},{\"@type\":\"BreadcrumbList\",\"@id\":\"https:\/\/textilcarmem.com.br\/politica-de-cookies-br\/#breadcrumb\",\"itemListElement\":[{\"@type\":\"ListItem\",\"position\":1,\"name\":\"In\u00edcio\",\"item\":\"https:\/\/textilcarmem.com.br\/\"},{\"@type\":\"ListItem\",\"position\":2,\"name\":\"Pol\u00edtica de Cookies (BR)\"}]},{\"@type\":\"WebSite\",\"@id\":\"https:\/\/textilcarmem.com.br\/#website\",\"url\":\"https:\/\/textilcarmem.com.br\/\",\"name\":\"Textil Carmem\",\"description\":\"Ind\u00fastria T\u00eaxtil. Fabricante de fios t\u00eaxteis para Malharia e Tecelagem. Itapira, SP.\",\"publisher\":{\"@id\":\"https:\/\/textilcarmem.com.br\/#organization\"},\"potentialAction\":[{\"@type\":\"SearchAction\",\"target\":{\"@type\":\"EntryPoint\",\"urlTemplate\":\"https:\/\/textilcarmem.com.br\/?s={search_term_string}\"},\"query-input\":{\"@type\":\"PropertyValueSpecification\",\"valueRequired\":true,\"valueName\":\"search_term_string\"}}],\"inLanguage\":\"en-US\"},{\"@type\":\"Organization\",\"@id\":\"https:\/\/textilcarmem.com.br\/#organization\",\"name\":\"Textil Carmem\",\"url\":\"https:\/\/textilcarmem.com.br\/\",\"logo\":{\"@type\":\"ImageObject\",\"inLanguage\":\"en-US\",\"@id\":\"https:\/\/textilcarmem.com.br\/#\/schema\/logo\/image\/\",\"url\":\"https:\/\/textilcarmem.com.br\/wp-content\/uploads\/2022\/01\/logo-textil-carmem-site-v2.jpg\",\"contentUrl\":\"https:\/\/textilcarmem.com.br\/wp-content\/uploads\/2022\/01\/logo-textil-carmem-site-v2.jpg\",\"width\":272,\"height\":69,\"caption\":\"Textil Carmem\"},\"image\":{\"@id\":\"https:\/\/textilcarmem.com.br\/#\/schema\/logo\/image\/\"}}]}<\/script>\n<!-- \/ Yoast SEO plugin. -->","yoast_head_json":{"title":"Pol\u00edtica de Cookies (BR) - Textil Carmem","robots":{"index":"index","follow":"follow","max-snippet":"max-snippet:-1","max-image-preview":"max-image-preview:large","max-video-preview":"max-video-preview:-1"},"canonical":"https:\/\/textilcarmem.com.br\/en\/politica-de-cookies-br\/","og_locale":"en_US","og_type":"article","og_title":"Pol\u00edtica de Cookies (BR) - Textil Carmem","og_description":"[cmplz-document type=&#8221;cookie-statement&#8221; region=&#8221;br&#8221;]","og_url":"https:\/\/textilcarmem.com.br\/en\/politica-de-cookies-br\/","og_site_name":"Textil Carmem","article_modified_time":"2022-04-06T11:11:01+00:00","twitter_card":"summary_large_image","schema":{"@context":"https:\/\/schema.org","@graph":[{"@type":"WebPage","@id":"https:\/\/textilcarmem.com.br\/politica-de-cookies-br\/","url":"https:\/\/textilcarmem.com.br\/politica-de-cookies-br\/","name":"Pol\u00edtica de Cookies (BR) - Textil Carmem","isPartOf":{"@id":"https:\/\/textilcarmem.com.br\/#website"},"datePublished":"2022-04-05T19:00:03+00:00","dateModified":"2022-04-06T11:11:01+00:00","breadcrumb":{"@id":"https:\/\/textilcarmem.com.br\/politica-de-cookies-br\/#breadcrumb"},"inLanguage":"en-US","potentialAction":[{"@type":"ReadAction","target":["https:\/\/textilcarmem.com.br\/politica-de-cookies-br\/"]}]},{"@type":"BreadcrumbList","@id":"https:\/\/textilcarmem.com.br\/politica-de-cookies-br\/#breadcrumb","itemListElement":[{"@type":"ListItem","position":1,"name":"In\u00edcio","item":"https:\/\/textilcarmem.com.br\/"},{"@type":"ListItem","position":2,"name":"Pol\u00edtica de Cookies (BR)"}]},{"@type":"WebSite","@id":"https:\/\/textilcarmem.com.br\/#website","url":"https:\/\/textilcarmem.com.br\/","name":"Textil Carmem","description":"Ind\u00fastria T\u00eaxtil. Fabricante de fios t\u00eaxteis para Malharia e Tecelagem. Itapira, SP.","publisher":{"@id":"https:\/\/textilcarmem.com.br\/#organization"},"potentialAction":[{"@type":"SearchAction","target":{"@type":"EntryPoint","urlTemplate":"https:\/\/textilcarmem.com.br\/?s={search_term_string}"},"query-input":{"@type":"PropertyValueSpecification","valueRequired":true,"valueName":"search_term_string"}}],"inLanguage":"en-US"},{"@type":"Organization","@id":"https:\/\/textilcarmem.com.br\/#organization","name":"Textil Carmem","url":"https:\/\/textilcarmem.com.br\/","logo":{"@type":"ImageObject","inLanguage":"en-US","@id":"https:\/\/textilcarmem.com.br\/#\/schema\/logo\/image\/","url":"https:\/\/textilcarmem.com.br\/wp-content\/uploads\/2022\/01\/logo-textil-carmem-site-v2.jpg","contentUrl":"https:\/\/textilcarmem.com.br\/wp-content\/uploads\/2022\/01\/logo-textil-carmem-site-v2.jpg","width":272,"height":69,"caption":"Textil Carmem"},"image":{"@id":"https:\/\/textilcarmem.com.br\/#\/schema\/logo\/image\/"}}]}},"_links":{"self":[{"href":"https:\/\/textilcarmem.com.br\/en\/wp-json\/wp\/v2\/pages\/1271","targetHints":{"allow":["GET"]}}],"collection":[{"href":"https:\/\/textilcarmem.com.br\/en\/wp-json\/wp\/v2\/pages"}],"about":[{"href":"https:\/\/textilcarmem.com.br\/en\/wp-json\/wp\/v2\/types\/page"}],"author":[{"embeddable":true,"href":"https:\/\/textilcarmem.com.br\/en\/wp-json\/wp\/v2\/users\/1"}],"replies":[{"embeddable":true,"href":"https:\/\/textilcarmem.com.br\/en\/wp-json\/wp\/v2\/comments?post=1271"}],"version-history":[{"count":0,"href":"https:\/\/textilcarmem.com.br\/en\/wp-json\/wp\/v2\/pages\/1271\/revisions"}],"wp:attachment":[{"href":"https:\/\/textilcarmem.com.br\/en\/wp-json\/wp\/v2\/media?parent=1271"}],"curies":[{"name":"wp","href":"https:\/\/api.w.org\/{rel}","templated":true}]}}