{"id":1918,"date":"2024-04-10T13:57:54","date_gmt":"2024-04-10T13:57:54","guid":{"rendered":"https:\/\/textilcarmem.com.br\/?page_id=1918"},"modified":"2025-09-15T09:56:43","modified_gmt":"2025-09-15T12:56:43","slug":"politicas-e-transparencia-salarial","status":"publish","type":"page","link":"https:\/\/textilcarmem.com.br\/en\/politicas-e-transparencia-salarial\/","title":{"rendered":""},"content":{"rendered":"<div data-elementor-type=\"wp-page\" data-elementor-id=\"1918\" class=\"elementor elementor-1918\" data-elementor-post-type=\"page\">\n\t\t\t\t\t\t<section class=\"elementor-section elementor-top-section elementor-element elementor-element-d882a83 elementor-section-boxed elementor-section-height-default elementor-section-height-default\" data-id=\"d882a83\" data-element_type=\"section\" data-e-type=\"section\" data-settings=\"{&quot;_ob_glider_is_slider&quot;:&quot;no&quot;}\">\n\t\t\t\t\t\t<div class=\"elementor-container elementor-column-gap-default\">\n\t\t\t\t\t<div class=\"elementor-column elementor-col-100 elementor-top-column elementor-element elementor-element-07dfb10\" data-id=\"07dfb10\" data-element_type=\"column\" data-e-type=\"column\" data-settings=\"{&quot;_ob_column_hoveranimator&quot;:&quot;no&quot;,&quot;_ob_column_has_pseudo&quot;:&quot;no&quot;}\">\n\t\t\t<div class=\"elementor-widget-wrap elementor-element-populated\">\n\t\t\t\t\t\t<div class=\"elementor-element elementor-element-8568ad4 ob-harakiri-inherit ob-has-background-overlay elementor-widget elementor-widget-heading\" data-id=\"8568ad4\" data-element_type=\"widget\" data-e-type=\"widget\" data-settings=\"{&quot;_ob_use_harakiri&quot;:&quot;yes&quot;,&quot;_ob_harakiri_writing_mode&quot;:&quot;inherit&quot;,&quot;_ob_harakiri_text_clip&quot;:&quot;none&quot;,&quot;_ob_widget_stalker_use&quot;:&quot;no&quot;,&quot;_ob_poopart_use&quot;:&quot;yes&quot;,&quot;_ob_shadough_use&quot;:&quot;no&quot;,&quot;_ob_allow_hoveranimator&quot;:&quot;no&quot;}\" data-widget_type=\"heading.default\">\n\t\t\t\t\t<h2 class=\"elementor-heading-title elementor-size-default\">Pol\u00edticas e Transpar\u00eancia Salarial<\/h2>\t\t\t\t<\/div>\n\t\t\t\t<div class=\"elementor-element elementor-element-e7ccd06 elementor-widget__width-initial elementor--h-position-center elementor--v-position-middle elementor-arrows-position-inside elementor-pagination-position-inside ob-has-background-overlay elementor-widget elementor-widget-slides\" data-id=\"e7ccd06\" data-element_type=\"widget\" data-e-type=\"widget\" data-settings=\"{&quot;navigation&quot;:&quot;both&quot;,&quot;autoplay&quot;:&quot;yes&quot;,&quot;pause_on_hover&quot;:&quot;yes&quot;,&quot;pause_on_interaction&quot;:&quot;yes&quot;,&quot;autoplay_speed&quot;:5000,&quot;infinite&quot;:&quot;yes&quot;,&quot;transition&quot;:&quot;slide&quot;,&quot;transition_speed&quot;:500,&quot;_ob_widget_stalker_use&quot;:&quot;no&quot;,&quot;_ob_poopart_use&quot;:&quot;yes&quot;,&quot;_ob_shadough_use&quot;:&quot;no&quot;,&quot;_ob_allow_hoveranimator&quot;:&quot;no&quot;}\" data-widget_type=\"slides.default\">\n\t\t\t\t\t\t\t\t\t\t<div class=\"elementor-slides-wrapper elementor-main-swiper swiper\" role=\"region\" aria-roledescription=\"carousel\" aria-label=\"Slides\" dir=\"ltr\" data-animation=\"fadeInUp\">\n\t\t\t\t<div class=\"swiper-wrapper elementor-slides\">\n\t\t\t\t\t\t\t\t\t\t<div class=\"elementor-repeater-item-a5ec812 swiper-slide\" role=\"group\" aria-roledescription=\"slide\"><div class=\"swiper-slide-bg\" role=\"img\" aria-label=\"imagem-fachada-textil-carmem\"><\/div><div class=\"elementor-background-overlay\"><\/div><div class=\"swiper-slide-inner\" ><div class=\"swiper-slide-contents\"><div class=\"elementor-slide-heading\">Privacy Policy<\/div><div class=\"elementor-slide-description\">Acesse o link abaixo para mais informa\u00e7\u00f5es sobre nossas pol\u00edtica de privacidade!<\/div><\/div><\/div><\/div><div class=\"elementor-repeater-item-dcaabf3 swiper-slide\" role=\"group\" aria-roledescription=\"slide\"><div class=\"swiper-slide-bg\" role=\"img\" aria-label=\"53054\"><\/div><div class=\"elementor-background-overlay\"><\/div><div class=\"swiper-slide-inner\" ><div class=\"swiper-slide-contents\"><div class=\"elementor-slide-heading\">Cookies Policy<\/div><div class=\"elementor-slide-description\">Acesse o link abaixo para mais informa\u00e7\u00f5es sobre nossas pol\u00edtica de cookies!<\/div><\/div><\/div><\/div><div class=\"elementor-repeater-item-8149cbf swiper-slide\" role=\"group\" aria-roledescription=\"slide\"><div class=\"swiper-slide-bg\" role=\"img\" aria-label=\"imagem-interno-maquinas-textil-carmem\"><\/div><div class=\"elementor-background-overlay\"><\/div><div class=\"swiper-slide-inner\" ><div class=\"swiper-slide-contents\"><div class=\"elementor-slide-heading\">Transpar\u00eancia Salarial<\/div><div class=\"elementor-slide-description\">Acesse o link abaixo para mais informa\u00e7\u00f5es sobre nosso relat\u00f3rio de Transpar\u00eancia Salarial!<\/div><\/div><\/div><\/div>\t\t\t\t<\/div>\n\t\t\t\t\t\t\t\t\t\t\t\t\t\t\t<div class=\"elementor-swiper-button elementor-swiper-button-prev\" role=\"button\" tabindex=\"0\" aria-label=\"Slide anterior\">\n\t\t\t\t\t\t\t<svg aria-hidden=\"true\" class=\"e-font-icon-svg e-eicon-chevron-left\" viewbox=\"0 0 1000 1000\" xmlns=\"http:\/\/www.w3.org\/2000\/svg\"><path d=\"M646 125C629 125 613 133 604 142L308 442C296 454 292 471 292 487 292 504 296 521 308 533L604 854C617 867 629 875 646 875 663 875 679 871 692 858 704 846 713 829 713 812 713 796 708 779 692 767L438 487 692 225C700 217 708 204 708 187 708 171 704 154 692 142 675 129 663 125 646 125Z\"><\/path><\/svg>\t\t\t\t\t\t<\/div>\n\t\t\t\t\t\t<div class=\"elementor-swiper-button elementor-swiper-button-next\" role=\"button\" tabindex=\"0\" aria-label=\"Pr\u00f3ximo slide\">\n\t\t\t\t\t\t\t<svg aria-hidden=\"true\" class=\"e-font-icon-svg e-eicon-chevron-right\" viewbox=\"0 0 1000 1000\" xmlns=\"http:\/\/www.w3.org\/2000\/svg\"><path d=\"M696 533C708 521 713 504 713 487 713 471 708 454 696 446L400 146C388 133 375 125 354 125 338 125 325 129 313 142 300 154 292 171 292 187 292 204 296 221 308 233L563 492 304 771C292 783 288 800 288 817 288 833 296 850 308 863 321 871 338 875 354 875 371 875 388 867 400 854L696 533Z\"><\/path><\/svg>\t\t\t\t\t\t<\/div>\n\t\t\t\t\t\t\t\t\t\t\t\t\t\t\t\t<div class=\"swiper-pagination\"><\/div>\n\t\t\t\t\t\t\t\t\t\t\t\t<\/div>\n\t\t\t\t\t\t\t\t<\/div>\n\t\t\t\t\t<\/div>\n\t\t<\/div>\n\t\t\t\t\t<\/div>\n\t\t<\/section>\n\t\t\t\t<section class=\"elementor-section elementor-top-section elementor-element elementor-element-708a2e4 elementor-section-boxed elementor-section-height-default elementor-section-height-default\" data-id=\"708a2e4\" data-element_type=\"section\" data-e-type=\"section\" data-settings=\"{&quot;_ob_glider_is_slider&quot;:&quot;no&quot;}\">\n\t\t\t\t\t\t<div class=\"elementor-container elementor-column-gap-default\">\n\t\t\t\t\t<div class=\"elementor-column elementor-col-100 elementor-top-column elementor-element elementor-element-7f20163\" data-id=\"7f20163\" data-element_type=\"column\" data-e-type=\"column\" data-settings=\"{&quot;_ob_column_hoveranimator&quot;:&quot;no&quot;,&quot;_ob_column_has_pseudo&quot;:&quot;no&quot;}\">\n\t\t\t<div class=\"elementor-widget-wrap elementor-element-populated\">\n\t\t\t\t\t\t<div class=\"elementor-element elementor-element-1321b77 elementor-align-right elementor-widget__width-initial ob-has-background-overlay elementor-widget elementor-widget-elementskit-button\" data-id=\"1321b77\" data-element_type=\"widget\" data-e-type=\"widget\" data-settings=\"{&quot;_ob_widget_stalker_use&quot;:&quot;no&quot;,&quot;_ob_poopart_use&quot;:&quot;yes&quot;,&quot;_ob_shadough_use&quot;:&quot;no&quot;,&quot;_ob_allow_hoveranimator&quot;:&quot;no&quot;}\" data-widget_type=\"elementskit-button.default\">\n\t\t\t\t\t<div class=\"ekit-wid-con\" >\t\t<div class=\"ekit-btn-wraper\">\n\t\t\t\t\t\t\t<a href=\"https:\/\/textilcarmem.com.br\/en\/politica-de-privacidade\/\" target=\"_blank\" class=\"elementskit-btn  whitespace--normal\" id=\"\">\n\t\t\t\t\tPrivacy Policy\t\t\t\t<\/a>\n\t\t\t\t\t<\/div>\n        <\/div>\t\t\t\t<\/div>\n\t\t\t\t<div class=\"elementor-element elementor-element-acbadd8 elementor-widget__width-initial elementor-align-center ob-has-background-overlay elementor-widget elementor-widget-elementskit-button\" data-id=\"acbadd8\" data-element_type=\"widget\" data-e-type=\"widget\" data-settings=\"{&quot;_ob_widget_stalker_use&quot;:&quot;no&quot;,&quot;_ob_poopart_use&quot;:&quot;yes&quot;,&quot;_ob_shadough_use&quot;:&quot;no&quot;,&quot;_ob_allow_hoveranimator&quot;:&quot;no&quot;}\" data-widget_type=\"elementskit-button.default\">\n\t\t\t\t\t<div class=\"ekit-wid-con\" >\t\t<div class=\"ekit-btn-wraper\">\n\t\t\t\t\t\t\t<a href=\"https:\/\/textilcarmem.com.br\/en\/politica-de-cookies-br\/\" target=\"_blank\" class=\"elementskit-btn  whitespace--normal\" id=\"\">\n\t\t\t\t\tCookies Policy\t\t\t\t<\/a>\n\t\t\t\t\t<\/div>\n        <\/div>\t\t\t\t<\/div>\n\t\t\t\t<div class=\"elementor-element elementor-element-1bf4093 elementor-align-left elementor-widget__width-initial ob-has-background-overlay elementor-widget elementor-widget-elementskit-button\" data-id=\"1bf4093\" data-element_type=\"widget\" data-e-type=\"widget\" data-settings=\"{&quot;_ob_widget_stalker_use&quot;:&quot;no&quot;,&quot;_ob_poopart_use&quot;:&quot;yes&quot;,&quot;_ob_shadough_use&quot;:&quot;no&quot;,&quot;_ob_allow_hoveranimator&quot;:&quot;no&quot;}\" data-widget_type=\"elementskit-button.default\">\n\t\t\t\t\t<div class=\"ekit-wid-con\" >\t\t<div class=\"ekit-btn-wraper\">\n\t\t\t\t\t\t\t<a href=\"https:\/\/textilcarmem.com.br\/en\/transparencia-salarial\/\" target=\"_blank\" class=\"elementskit-btn  whitespace--normal\" id=\"\">\n\t\t\t\t\tTranspar\u00eancia Salarial \t\t\t\t<\/a>\n\t\t\t\t\t<\/div>\n        <\/div>\t\t\t\t<\/div>\n\t\t\t\t\t<\/div>\n\t\t<\/div>\n\t\t\t\t\t<\/div>\n\t\t<\/section>\n\t\t\t\t<section class=\"elementor-section elementor-top-section elementor-element elementor-element-0406ce0 elementor-section-boxed elementor-section-height-default elementor-section-height-default\" data-id=\"0406ce0\" data-element_type=\"section\" data-e-type=\"section\" data-settings=\"{&quot;_ob_glider_is_slider&quot;:&quot;no&quot;}\">\n\t\t\t\t\t\t<div class=\"elementor-container elementor-column-gap-default\">\n\t\t\t\t\t<div class=\"elementor-column elementor-col-100 elementor-top-column elementor-element elementor-element-8995ff5\" data-id=\"8995ff5\" data-element_type=\"column\" data-e-type=\"column\" data-settings=\"{&quot;_ob_column_hoveranimator&quot;:&quot;no&quot;,&quot;_ob_column_has_pseudo&quot;:&quot;no&quot;}\">\n\t\t\t<div class=\"elementor-widget-wrap elementor-element-populated\">\n\t\t\t\t\t\t<div class=\"elementor-element elementor-element-2e6a383 elementor-widget__width-initial ob-has-background-overlay elementor-widget elementor-widget-spacer\" data-id=\"2e6a383\" data-element_type=\"widget\" data-e-type=\"widget\" data-settings=\"{&quot;_ob_spacerat_use&quot;:&quot;no&quot;,&quot;_ob_widget_stalker_use&quot;:&quot;no&quot;,&quot;_ob_poopart_use&quot;:&quot;yes&quot;,&quot;_ob_shadough_use&quot;:&quot;no&quot;,&quot;_ob_allow_hoveranimator&quot;:&quot;no&quot;}\" data-widget_type=\"spacer.default\">\n\t\t\t\t\t\t\t<div class=\"elementor-spacer\">\n\t\t\t<div class=\"elementor-spacer-inner\"><\/div>\n\t\t<\/div>\n\t\t\t\t\t\t<\/div>\n\t\t\t\t\t<\/div>\n\t\t<\/div>\n\t\t\t\t\t<\/div>\n\t\t<\/section>\n\t\t\t\t<\/div>","protected":false},"excerpt":{"rendered":"<p>Pol\u00edticas e Transpar\u00eancia Salarial Pol\u00edtica de PrivacidadeAcesse o link abaixo para mais informa\u00e7\u00f5es sobre nossas pol\u00edtica de privacidade!Pol\u00edtica de CookiesAcesse o link abaixo para mais informa\u00e7\u00f5es sobre nossas pol\u00edtica de cookies!Transpar\u00eancia SalarialAcesse o link abaixo para mais informa\u00e7\u00f5es sobre nosso relat\u00f3rio de Transpar\u00eancia Salarial! Pol\u00edtica de Privacidade Pol\u00edtica de Cookies Transpar\u00eancia Salarial<\/p>","protected":false},"author":1,"featured_media":0,"parent":0,"menu_order":0,"comment_status":"closed","ping_status":"closed","template":"","meta":{"footnotes":""},"class_list":["post-1918","page","type-page","status-publish","hentry"],"yoast_head":"<!-- This site is optimized with the Yoast SEO plugin v27.2 - https:\/\/yoast.com\/product\/yoast-seo-wordpress\/ -->\n<title>- Textil Carmem<\/title>\n<meta name=\"robots\" content=\"index, follow, max-snippet:-1, max-image-preview:large, max-video-preview:-1\" \/>\n<link rel=\"canonical\" href=\"https:\/\/textilcarmem.com.br\/en\/politicas-e-transparencia-salarial\/\" \/>\n<meta property=\"og:locale\" content=\"en_US\" \/>\n<meta property=\"og:type\" content=\"article\" \/>\n<meta property=\"og:title\" content=\"- Textil Carmem\" \/>\n<meta property=\"og:description\" content=\"Pol\u00edticas e Transpar\u00eancia Salarial Pol\u00edtica de PrivacidadeAcesse o link abaixo para mais informa\u00e7\u00f5es sobre nossas pol\u00edtica de privacidade!Pol\u00edtica de CookiesAcesse o link abaixo para mais informa\u00e7\u00f5es sobre nossas pol\u00edtica de cookies!Transpar\u00eancia SalarialAcesse o link abaixo para mais informa\u00e7\u00f5es sobre nosso relat\u00f3rio de Transpar\u00eancia Salarial! Pol\u00edtica de Privacidade Pol\u00edtica de Cookies Transpar\u00eancia Salarial\" \/>\n<meta property=\"og:url\" content=\"https:\/\/textilcarmem.com.br\/en\/politicas-e-transparencia-salarial\/\" \/>\n<meta property=\"og:site_name\" content=\"Textil Carmem\" \/>\n<meta property=\"article:modified_time\" content=\"2025-09-15T12:56:43+00:00\" \/>\n<meta name=\"twitter:card\" content=\"summary_large_image\" \/>\n<meta name=\"twitter:label1\" content=\"Est. reading time\" \/>\n\t<meta name=\"twitter:data1\" content=\"1 minute\" \/>\n<script type=\"application\/ld+json\" class=\"yoast-schema-graph\">{\"@context\":\"https:\/\/schema.org\",\"@graph\":[{\"@type\":\"WebPage\",\"@id\":\"https:\/\/textilcarmem.com.br\/politicas-e-transparencia-salarial\/\",\"url\":\"https:\/\/textilcarmem.com.br\/politicas-e-transparencia-salarial\/\",\"name\":\"- Textil Carmem\",\"isPartOf\":{\"@id\":\"https:\/\/textilcarmem.com.br\/#website\"},\"datePublished\":\"2024-04-10T13:57:54+00:00\",\"dateModified\":\"2025-09-15T12:56:43+00:00\",\"inLanguage\":\"en-US\",\"potentialAction\":[{\"@type\":\"ReadAction\",\"target\":[\"https:\/\/textilcarmem.com.br\/politicas-e-transparencia-salarial\/\"]}]},{\"@type\":\"WebSite\",\"@id\":\"https:\/\/textilcarmem.com.br\/#website\",\"url\":\"https:\/\/textilcarmem.com.br\/\",\"name\":\"Textil Carmem\",\"description\":\"Ind\u00fastria T\u00eaxtil. Fabricante de fios t\u00eaxteis para Malharia e Tecelagem. Itapira, SP.\",\"publisher\":{\"@id\":\"https:\/\/textilcarmem.com.br\/#organization\"},\"potentialAction\":[{\"@type\":\"SearchAction\",\"target\":{\"@type\":\"EntryPoint\",\"urlTemplate\":\"https:\/\/textilcarmem.com.br\/?s={search_term_string}\"},\"query-input\":{\"@type\":\"PropertyValueSpecification\",\"valueRequired\":true,\"valueName\":\"search_term_string\"}}],\"inLanguage\":\"en-US\"},{\"@type\":\"Organization\",\"@id\":\"https:\/\/textilcarmem.com.br\/#organization\",\"name\":\"Textil Carmem\",\"url\":\"https:\/\/textilcarmem.com.br\/\",\"logo\":{\"@type\":\"ImageObject\",\"inLanguage\":\"en-US\",\"@id\":\"https:\/\/textilcarmem.com.br\/#\/schema\/logo\/image\/\",\"url\":\"https:\/\/textilcarmem.com.br\/wp-content\/uploads\/2022\/01\/logo-textil-carmem-site-v2.jpg\",\"contentUrl\":\"https:\/\/textilcarmem.com.br\/wp-content\/uploads\/2022\/01\/logo-textil-carmem-site-v2.jpg\",\"width\":272,\"height\":69,\"caption\":\"Textil Carmem\"},\"image\":{\"@id\":\"https:\/\/textilcarmem.com.br\/#\/schema\/logo\/image\/\"}}]}<\/script>\n<!-- \/ Yoast SEO plugin. -->","yoast_head_json":{"title":"- Textil Carmem","robots":{"index":"index","follow":"follow","max-snippet":"max-snippet:-1","max-image-preview":"max-image-preview:large","max-video-preview":"max-video-preview:-1"},"canonical":"https:\/\/textilcarmem.com.br\/en\/politicas-e-transparencia-salarial\/","og_locale":"en_US","og_type":"article","og_title":"- Textil Carmem","og_description":"Pol\u00edticas e Transpar\u00eancia Salarial Pol\u00edtica de PrivacidadeAcesse o link abaixo para mais informa\u00e7\u00f5es sobre nossas pol\u00edtica de privacidade!Pol\u00edtica de CookiesAcesse o link abaixo para mais informa\u00e7\u00f5es sobre nossas pol\u00edtica de cookies!Transpar\u00eancia SalarialAcesse o link abaixo para mais informa\u00e7\u00f5es sobre nosso relat\u00f3rio de Transpar\u00eancia Salarial! Pol\u00edtica de Privacidade Pol\u00edtica de Cookies Transpar\u00eancia Salarial","og_url":"https:\/\/textilcarmem.com.br\/en\/politicas-e-transparencia-salarial\/","og_site_name":"Textil Carmem","article_modified_time":"2025-09-15T12:56:43+00:00","twitter_card":"summary_large_image","twitter_misc":{"Est. reading time":"1 minute"},"schema":{"@context":"https:\/\/schema.org","@graph":[{"@type":"WebPage","@id":"https:\/\/textilcarmem.com.br\/politicas-e-transparencia-salarial\/","url":"https:\/\/textilcarmem.com.br\/politicas-e-transparencia-salarial\/","name":"- Textil Carmem","isPartOf":{"@id":"https:\/\/textilcarmem.com.br\/#website"},"datePublished":"2024-04-10T13:57:54+00:00","dateModified":"2025-09-15T12:56:43+00:00","inLanguage":"en-US","potentialAction":[{"@type":"ReadAction","target":["https:\/\/textilcarmem.com.br\/politicas-e-transparencia-salarial\/"]}]},{"@type":"WebSite","@id":"https:\/\/textilcarmem.com.br\/#website","url":"https:\/\/textilcarmem.com.br\/","name":"Textil Carmem","description":"Ind\u00fastria T\u00eaxtil. Fabricante de fios t\u00eaxteis para Malharia e Tecelagem. Itapira, SP.","publisher":{"@id":"https:\/\/textilcarmem.com.br\/#organization"},"potentialAction":[{"@type":"SearchAction","target":{"@type":"EntryPoint","urlTemplate":"https:\/\/textilcarmem.com.br\/?s={search_term_string}"},"query-input":{"@type":"PropertyValueSpecification","valueRequired":true,"valueName":"search_term_string"}}],"inLanguage":"en-US"},{"@type":"Organization","@id":"https:\/\/textilcarmem.com.br\/#organization","name":"Textil Carmem","url":"https:\/\/textilcarmem.com.br\/","logo":{"@type":"ImageObject","inLanguage":"en-US","@id":"https:\/\/textilcarmem.com.br\/#\/schema\/logo\/image\/","url":"https:\/\/textilcarmem.com.br\/wp-content\/uploads\/2022\/01\/logo-textil-carmem-site-v2.jpg","contentUrl":"https:\/\/textilcarmem.com.br\/wp-content\/uploads\/2022\/01\/logo-textil-carmem-site-v2.jpg","width":272,"height":69,"caption":"Textil Carmem"},"image":{"@id":"https:\/\/textilcarmem.com.br\/#\/schema\/logo\/image\/"}}]}},"_links":{"self":[{"href":"https:\/\/textilcarmem.com.br\/en\/wp-json\/wp\/v2\/pages\/1918","targetHints":{"allow":["GET"]}}],"collection":[{"href":"https:\/\/textilcarmem.com.br\/en\/wp-json\/wp\/v2\/pages"}],"about":[{"href":"https:\/\/textilcarmem.com.br\/en\/wp-json\/wp\/v2\/types\/page"}],"author":[{"embeddable":true,"href":"https:\/\/textilcarmem.com.br\/en\/wp-json\/wp\/v2\/users\/1"}],"replies":[{"embeddable":true,"href":"https:\/\/textilcarmem.com.br\/en\/wp-json\/wp\/v2\/comments?post=1918"}],"version-history":[{"count":3,"href":"https:\/\/textilcarmem.com.br\/en\/wp-json\/wp\/v2\/pages\/1918\/revisions"}],"predecessor-version":[{"id":2501,"href":"https:\/\/textilcarmem.com.br\/en\/wp-json\/wp\/v2\/pages\/1918\/revisions\/2501"}],"wp:attachment":[{"href":"https:\/\/textilcarmem.com.br\/en\/wp-json\/wp\/v2\/media?parent=1918"}],"curies":[{"name":"wp","href":"https:\/\/api.w.org\/{rel}","templated":true}]}}