{"id":2011,"date":"2024-04-10T15:27:53","date_gmt":"2024-04-10T15:27:53","guid":{"rendered":"https:\/\/textilcarmem.com.br\/?page_id=2011"},"modified":"2025-09-26T16:10:56","modified_gmt":"2025-09-26T19:10:56","slug":"transparencia-salarial","status":"publish","type":"page","link":"https:\/\/textilcarmem.com.br\/en\/transparencia-salarial\/","title":{"rendered":"Transpar\u00eancia Salarial"},"content":{"rendered":"<div data-elementor-type=\"wp-page\" data-elementor-id=\"2011\" class=\"elementor elementor-2011\" data-elementor-post-type=\"page\">\n\t\t\t\t\t\t<section class=\"elementor-section elementor-top-section elementor-element elementor-element-0abe119 elementor-section-boxed elementor-section-height-default elementor-section-height-default\" data-id=\"0abe119\" data-element_type=\"section\" data-e-type=\"section\" data-settings=\"{&quot;_ob_glider_is_slider&quot;:&quot;no&quot;}\">\n\t\t\t\t\t\t<div class=\"elementor-container elementor-column-gap-default\">\n\t\t\t\t\t<div class=\"elementor-column elementor-col-100 elementor-top-column elementor-element elementor-element-3fca81c\" data-id=\"3fca81c\" data-element_type=\"column\" data-e-type=\"column\" data-settings=\"{&quot;_ob_column_hoveranimator&quot;:&quot;no&quot;,&quot;_ob_column_has_pseudo&quot;:&quot;no&quot;}\">\n\t\t\t<div class=\"elementor-widget-wrap elementor-element-populated\">\n\t\t\t\t\t\t<div class=\"elementor-element elementor-element-021b628 ob-harakiri-inherit ob-has-background-overlay elementor-widget elementor-widget-heading\" data-id=\"021b628\" data-element_type=\"widget\" data-e-type=\"widget\" data-settings=\"{&quot;_ob_use_harakiri&quot;:&quot;yes&quot;,&quot;_ob_harakiri_writing_mode&quot;:&quot;inherit&quot;,&quot;_ob_harakiri_text_clip&quot;:&quot;none&quot;,&quot;_ob_widget_stalker_use&quot;:&quot;no&quot;,&quot;_ob_poopart_use&quot;:&quot;yes&quot;,&quot;_ob_shadough_use&quot;:&quot;no&quot;,&quot;_ob_allow_hoveranimator&quot;:&quot;no&quot;}\" data-widget_type=\"heading.default\">\n\t\t\t\t\t<h2 class=\"elementor-heading-title elementor-size-default\">Transpar\u00eancia Salarial<\/h2>\t\t\t\t<\/div>\n\t\t\t\t\t<\/div>\n\t\t<\/div>\n\t\t\t\t\t<\/div>\n\t\t<\/section>\n\t\t\t\t<section class=\"elementor-section elementor-top-section elementor-element elementor-element-c2f0995 elementor-section-boxed elementor-section-height-default elementor-section-height-default\" data-id=\"c2f0995\" data-element_type=\"section\" data-e-type=\"section\" data-settings=\"{&quot;_ob_glider_is_slider&quot;:&quot;no&quot;}\">\n\t\t\t\t\t\t<div class=\"elementor-container elementor-column-gap-default\">\n\t\t\t\t\t<div class=\"elementor-column elementor-col-100 elementor-top-column elementor-element elementor-element-592df12\" data-id=\"592df12\" data-element_type=\"column\" data-e-type=\"column\" data-settings=\"{&quot;_ob_column_hoveranimator&quot;:&quot;no&quot;,&quot;_ob_column_has_pseudo&quot;:&quot;no&quot;}\">\n\t\t\t<div class=\"elementor-widget-wrap elementor-element-populated\">\n\t\t\t\t\t\t<div class=\"elementor-element elementor-element-40c3788 ob-harakiri-inherit ob-has-background-overlay elementor-widget elementor-widget-text-editor\" data-id=\"40c3788\" data-element_type=\"widget\" data-e-type=\"widget\" data-settings=\"{&quot;_ob_use_harakiri&quot;:&quot;yes&quot;,&quot;_ob_harakiri_writing_mode&quot;:&quot;inherit&quot;,&quot;_ob_postman_use&quot;:&quot;no&quot;,&quot;_ob_widget_stalker_use&quot;:&quot;no&quot;,&quot;_ob_poopart_use&quot;:&quot;yes&quot;,&quot;_ob_shadough_use&quot;:&quot;no&quot;,&quot;_ob_allow_hoveranimator&quot;:&quot;no&quot;}\" data-widget_type=\"text-editor.default\">\n\t\t\t\t\t\t\t\t\t<p>Em cumprimento das obriga\u00e7\u00f5es previstas no Decreto n\u00ba 11.795\/2023 e na Portaria MTE n\u00ba 3.714\/2023, foi elaborado e publicado pelo Minist\u00e9rio do Trabalho e Emprego (MTE), o Relat\u00f3rio de Transpar\u00eancia com base em informa\u00e7\u00f5es do ano 2025.<br \/>Referido relat\u00f3rio foi baseado em dados extra\u00eddos pelo MTE, da base da RAIS de 2025, utilizando-se metodologia pr\u00f3pria para sua elabora\u00e7\u00e3o, refletindo apenas e t\u00e3o somente as diferen\u00e7as salariais por grupos de cargos, mas n\u00e3o contemplando diferen\u00e7as salariais entre homens e mulheres que exercem as mesmas fun\u00e7\u00f5es. Com tais par\u00e2metros, n\u00e3o h\u00e1 nenhuma discrimina\u00e7\u00e3o entre homens e mulheres.<br \/>A Textil Carmem repudia a pr\u00e1tica de qualquer ato discriminat\u00f3rio, e seguir\u00e1 a qualquer custo com tal pol\u00edtica e\u00a0posicionamento.<\/p>\t\t\t\t\t\t\t\t<\/div>\n\t\t\t\t\t<\/div>\n\t\t<\/div>\n\t\t\t\t\t<\/div>\n\t\t<\/section>\n\t\t\t\t<section class=\"elementor-section elementor-top-section elementor-element elementor-element-d67a040 elementor-section-boxed elementor-section-height-default elementor-section-height-default\" data-id=\"d67a040\" data-element_type=\"section\" data-e-type=\"section\" data-settings=\"{&quot;_ob_glider_is_slider&quot;:&quot;no&quot;}\">\n\t\t\t\t\t\t<div class=\"elementor-container elementor-column-gap-default\">\n\t\t\t\t\t<div class=\"elementor-column elementor-col-100 elementor-top-column elementor-element elementor-element-8b74cc9\" data-id=\"8b74cc9\" data-element_type=\"column\" data-e-type=\"column\" data-settings=\"{&quot;_ob_column_hoveranimator&quot;:&quot;no&quot;,&quot;_ob_column_has_pseudo&quot;:&quot;no&quot;}\">\n\t\t\t<div class=\"elementor-widget-wrap elementor-element-populated\">\n\t\t\t\t\t\t<div class=\"elementor-element elementor-element-b3f7d81 ob-has-background-overlay elementor-widget elementor-widget-image\" data-id=\"b3f7d81\" data-element_type=\"widget\" data-e-type=\"widget\" data-settings=\"{&quot;_ob_photomorph_use&quot;:&quot;no&quot;,&quot;_ob_widget_stalker_use&quot;:&quot;no&quot;,&quot;_ob_poopart_use&quot;:&quot;yes&quot;,&quot;_ob_shadough_use&quot;:&quot;no&quot;,&quot;_ob_allow_hoveranimator&quot;:&quot;no&quot;}\" data-widget_type=\"image.default\">\n\t\t\t\t\t\t\t\t\t\t\t\t\t\t\t<img fetchpriority=\"high\" decoding=\"async\" width=\"1754\" height=\"1241\" src=\"https:\/\/textilcarmem.com.br\/wp-content\/uploads\/2025\/09\/RelatorioIgualdadeSalarialLote_2025_2_59466003000168_page-0001.jpg\" class=\"attachment-2048x2048 size-2048x2048 wp-image-2539\" alt=\"\" srcset=\"https:\/\/textilcarmem.com.br\/wp-content\/uploads\/2025\/09\/RelatorioIgualdadeSalarialLote_2025_2_59466003000168_page-0001.jpg 1754w, https:\/\/textilcarmem.com.br\/wp-content\/uploads\/2025\/09\/RelatorioIgualdadeSalarialLote_2025_2_59466003000168_page-0001-300x212.jpg 300w, https:\/\/textilcarmem.com.br\/wp-content\/uploads\/2025\/09\/RelatorioIgualdadeSalarialLote_2025_2_59466003000168_page-0001-1024x725.jpg 1024w, https:\/\/textilcarmem.com.br\/wp-content\/uploads\/2025\/09\/RelatorioIgualdadeSalarialLote_2025_2_59466003000168_page-0001-768x543.jpg 768w, https:\/\/textilcarmem.com.br\/wp-content\/uploads\/2025\/09\/RelatorioIgualdadeSalarialLote_2025_2_59466003000168_page-0001-1536x1087.jpg 1536w, https:\/\/textilcarmem.com.br\/wp-content\/uploads\/2025\/09\/RelatorioIgualdadeSalarialLote_2025_2_59466003000168_page-0001-18x12.jpg 18w\" sizes=\"(max-width: 1754px) 100vw, 1754px\" \/>\t\t\t\t\t\t\t\t\t\t\t\t\t\t\t<\/div>\n\t\t\t\t\t<\/div>\n\t\t<\/div>\n\t\t\t\t\t<\/div>\n\t\t<\/section>\n\t\t\t\t<\/div>","protected":false},"excerpt":{"rendered":"<p>Transpar\u00eancia Salarial Em cumprimento das obriga\u00e7\u00f5es previstas no Decreto n\u00ba 11.795\/2023 e na Portaria MTE n\u00ba 3.714\/2023, foi elaborado e publicado pelo Minist\u00e9rio do Trabalho e Emprego (MTE), o Relat\u00f3rio de Transpar\u00eancia com base em informa\u00e7\u00f5es do ano 2025.Referido relat\u00f3rio foi baseado em dados extra\u00eddos pelo MTE, da base da RAIS de 2025, utilizando-se metodologia [&hellip;]<\/p>\n","protected":false},"author":1,"featured_media":0,"parent":0,"menu_order":0,"comment_status":"closed","ping_status":"closed","template":"","meta":{"footnotes":""},"class_list":["post-2011","page","type-page","status-publish","hentry"],"yoast_head":"<!-- This site is optimized with the Yoast SEO plugin v27.2 - https:\/\/yoast.com\/product\/yoast-seo-wordpress\/ -->\n<title>Transpar\u00eancia Salarial - Textil Carmem<\/title>\n<meta name=\"robots\" content=\"index, follow, max-snippet:-1, max-image-preview:large, max-video-preview:-1\" \/>\n<link rel=\"canonical\" href=\"https:\/\/textilcarmem.com.br\/en\/transparencia-salarial\/\" \/>\n<meta property=\"og:locale\" content=\"en_US\" \/>\n<meta property=\"og:type\" content=\"article\" \/>\n<meta property=\"og:title\" content=\"Transpar\u00eancia Salarial - Textil Carmem\" \/>\n<meta property=\"og:description\" content=\"Transpar\u00eancia Salarial Em cumprimento das obriga\u00e7\u00f5es previstas no Decreto n\u00ba 11.795\/2023 e na Portaria MTE n\u00ba 3.714\/2023, foi elaborado e publicado pelo Minist\u00e9rio do Trabalho e Emprego (MTE), o Relat\u00f3rio de Transpar\u00eancia com base em informa\u00e7\u00f5es do ano 2025.Referido relat\u00f3rio foi baseado em dados extra\u00eddos pelo MTE, da base da RAIS de 2025, utilizando-se metodologia [&hellip;]\" \/>\n<meta property=\"og:url\" content=\"https:\/\/textilcarmem.com.br\/en\/transparencia-salarial\/\" \/>\n<meta property=\"og:site_name\" content=\"Textil Carmem\" \/>\n<meta property=\"article:modified_time\" content=\"2025-09-26T19:10:56+00:00\" \/>\n<meta property=\"og:image\" content=\"https:\/\/textilcarmem.com.br\/wp-content\/uploads\/2025\/09\/RelatorioIgualdadeSalarialLote_2025_2_59466003000168_page-0001.jpg\" \/>\n\t<meta property=\"og:image:width\" content=\"1754\" \/>\n\t<meta property=\"og:image:height\" content=\"1241\" \/>\n\t<meta property=\"og:image:type\" content=\"image\/jpeg\" \/>\n<meta name=\"twitter:card\" content=\"summary_large_image\" \/>\n<meta name=\"twitter:label1\" content=\"Est. reading time\" \/>\n\t<meta name=\"twitter:data1\" content=\"1 minute\" \/>\n<script type=\"application\/ld+json\" class=\"yoast-schema-graph\">{\"@context\":\"https:\/\/schema.org\",\"@graph\":[{\"@type\":\"WebPage\",\"@id\":\"https:\/\/textilcarmem.com.br\/transparencia-salarial\/\",\"url\":\"https:\/\/textilcarmem.com.br\/transparencia-salarial\/\",\"name\":\"Transpar\u00eancia Salarial - Textil Carmem\",\"isPartOf\":{\"@id\":\"https:\/\/textilcarmem.com.br\/#website\"},\"primaryImageOfPage\":{\"@id\":\"https:\/\/textilcarmem.com.br\/transparencia-salarial\/#primaryimage\"},\"image\":{\"@id\":\"https:\/\/textilcarmem.com.br\/transparencia-salarial\/#primaryimage\"},\"thumbnailUrl\":\"https:\/\/textilcarmem.com.br\/wp-content\/uploads\/2025\/09\/RelatorioIgualdadeSalarialLote_2025_2_59466003000168_page-0001.jpg\",\"datePublished\":\"2024-04-10T15:27:53+00:00\",\"dateModified\":\"2025-09-26T19:10:56+00:00\",\"breadcrumb\":{\"@id\":\"https:\/\/textilcarmem.com.br\/transparencia-salarial\/#breadcrumb\"},\"inLanguage\":\"en-US\",\"potentialAction\":[{\"@type\":\"ReadAction\",\"target\":[\"https:\/\/textilcarmem.com.br\/transparencia-salarial\/\"]}]},{\"@type\":\"ImageObject\",\"inLanguage\":\"en-US\",\"@id\":\"https:\/\/textilcarmem.com.br\/transparencia-salarial\/#primaryimage\",\"url\":\"https:\/\/textilcarmem.com.br\/wp-content\/uploads\/2025\/09\/RelatorioIgualdadeSalarialLote_2025_2_59466003000168_page-0001.jpg\",\"contentUrl\":\"https:\/\/textilcarmem.com.br\/wp-content\/uploads\/2025\/09\/RelatorioIgualdadeSalarialLote_2025_2_59466003000168_page-0001.jpg\"},{\"@type\":\"BreadcrumbList\",\"@id\":\"https:\/\/textilcarmem.com.br\/transparencia-salarial\/#breadcrumb\",\"itemListElement\":[{\"@type\":\"ListItem\",\"position\":1,\"name\":\"In\u00edcio\",\"item\":\"https:\/\/textilcarmem.com.br\/\"},{\"@type\":\"ListItem\",\"position\":2,\"name\":\"Transpar\u00eancia Salarial\"}]},{\"@type\":\"WebSite\",\"@id\":\"https:\/\/textilcarmem.com.br\/#website\",\"url\":\"https:\/\/textilcarmem.com.br\/\",\"name\":\"Textil Carmem\",\"description\":\"Ind\u00fastria T\u00eaxtil. Fabricante de fios t\u00eaxteis para Malharia e Tecelagem. Itapira, SP.\",\"publisher\":{\"@id\":\"https:\/\/textilcarmem.com.br\/#organization\"},\"potentialAction\":[{\"@type\":\"SearchAction\",\"target\":{\"@type\":\"EntryPoint\",\"urlTemplate\":\"https:\/\/textilcarmem.com.br\/?s={search_term_string}\"},\"query-input\":{\"@type\":\"PropertyValueSpecification\",\"valueRequired\":true,\"valueName\":\"search_term_string\"}}],\"inLanguage\":\"en-US\"},{\"@type\":\"Organization\",\"@id\":\"https:\/\/textilcarmem.com.br\/#organization\",\"name\":\"Textil Carmem\",\"url\":\"https:\/\/textilcarmem.com.br\/\",\"logo\":{\"@type\":\"ImageObject\",\"inLanguage\":\"en-US\",\"@id\":\"https:\/\/textilcarmem.com.br\/#\/schema\/logo\/image\/\",\"url\":\"https:\/\/textilcarmem.com.br\/wp-content\/uploads\/2022\/01\/logo-textil-carmem-site-v2.jpg\",\"contentUrl\":\"https:\/\/textilcarmem.com.br\/wp-content\/uploads\/2022\/01\/logo-textil-carmem-site-v2.jpg\",\"width\":272,\"height\":69,\"caption\":\"Textil Carmem\"},\"image\":{\"@id\":\"https:\/\/textilcarmem.com.br\/#\/schema\/logo\/image\/\"}}]}<\/script>\n<!-- \/ Yoast SEO plugin. -->","yoast_head_json":{"title":"Transpar\u00eancia Salarial - Textil Carmem","robots":{"index":"index","follow":"follow","max-snippet":"max-snippet:-1","max-image-preview":"max-image-preview:large","max-video-preview":"max-video-preview:-1"},"canonical":"https:\/\/textilcarmem.com.br\/en\/transparencia-salarial\/","og_locale":"en_US","og_type":"article","og_title":"Transpar\u00eancia Salarial - Textil Carmem","og_description":"Transpar\u00eancia Salarial Em cumprimento das obriga\u00e7\u00f5es previstas no Decreto n\u00ba 11.795\/2023 e na Portaria MTE n\u00ba 3.714\/2023, foi elaborado e publicado pelo Minist\u00e9rio do Trabalho e Emprego (MTE), o Relat\u00f3rio de Transpar\u00eancia com base em informa\u00e7\u00f5es do ano 2025.Referido relat\u00f3rio foi baseado em dados extra\u00eddos pelo MTE, da base da RAIS de 2025, utilizando-se metodologia [&hellip;]","og_url":"https:\/\/textilcarmem.com.br\/en\/transparencia-salarial\/","og_site_name":"Textil Carmem","article_modified_time":"2025-09-26T19:10:56+00:00","og_image":[{"width":1754,"height":1241,"url":"https:\/\/textilcarmem.com.br\/wp-content\/uploads\/2025\/09\/RelatorioIgualdadeSalarialLote_2025_2_59466003000168_page-0001.jpg","type":"image\/jpeg"}],"twitter_card":"summary_large_image","twitter_misc":{"Est. reading time":"1 minute"},"schema":{"@context":"https:\/\/schema.org","@graph":[{"@type":"WebPage","@id":"https:\/\/textilcarmem.com.br\/transparencia-salarial\/","url":"https:\/\/textilcarmem.com.br\/transparencia-salarial\/","name":"Transpar\u00eancia Salarial - Textil Carmem","isPartOf":{"@id":"https:\/\/textilcarmem.com.br\/#website"},"primaryImageOfPage":{"@id":"https:\/\/textilcarmem.com.br\/transparencia-salarial\/#primaryimage"},"image":{"@id":"https:\/\/textilcarmem.com.br\/transparencia-salarial\/#primaryimage"},"thumbnailUrl":"https:\/\/textilcarmem.com.br\/wp-content\/uploads\/2025\/09\/RelatorioIgualdadeSalarialLote_2025_2_59466003000168_page-0001.jpg","datePublished":"2024-04-10T15:27:53+00:00","dateModified":"2025-09-26T19:10:56+00:00","breadcrumb":{"@id":"https:\/\/textilcarmem.com.br\/transparencia-salarial\/#breadcrumb"},"inLanguage":"en-US","potentialAction":[{"@type":"ReadAction","target":["https:\/\/textilcarmem.com.br\/transparencia-salarial\/"]}]},{"@type":"ImageObject","inLanguage":"en-US","@id":"https:\/\/textilcarmem.com.br\/transparencia-salarial\/#primaryimage","url":"https:\/\/textilcarmem.com.br\/wp-content\/uploads\/2025\/09\/RelatorioIgualdadeSalarialLote_2025_2_59466003000168_page-0001.jpg","contentUrl":"https:\/\/textilcarmem.com.br\/wp-content\/uploads\/2025\/09\/RelatorioIgualdadeSalarialLote_2025_2_59466003000168_page-0001.jpg"},{"@type":"BreadcrumbList","@id":"https:\/\/textilcarmem.com.br\/transparencia-salarial\/#breadcrumb","itemListElement":[{"@type":"ListItem","position":1,"name":"In\u00edcio","item":"https:\/\/textilcarmem.com.br\/"},{"@type":"ListItem","position":2,"name":"Transpar\u00eancia Salarial"}]},{"@type":"WebSite","@id":"https:\/\/textilcarmem.com.br\/#website","url":"https:\/\/textilcarmem.com.br\/","name":"Textil Carmem","description":"Ind\u00fastria T\u00eaxtil. Fabricante de fios t\u00eaxteis para Malharia e Tecelagem. Itapira, SP.","publisher":{"@id":"https:\/\/textilcarmem.com.br\/#organization"},"potentialAction":[{"@type":"SearchAction","target":{"@type":"EntryPoint","urlTemplate":"https:\/\/textilcarmem.com.br\/?s={search_term_string}"},"query-input":{"@type":"PropertyValueSpecification","valueRequired":true,"valueName":"search_term_string"}}],"inLanguage":"en-US"},{"@type":"Organization","@id":"https:\/\/textilcarmem.com.br\/#organization","name":"Textil Carmem","url":"https:\/\/textilcarmem.com.br\/","logo":{"@type":"ImageObject","inLanguage":"en-US","@id":"https:\/\/textilcarmem.com.br\/#\/schema\/logo\/image\/","url":"https:\/\/textilcarmem.com.br\/wp-content\/uploads\/2022\/01\/logo-textil-carmem-site-v2.jpg","contentUrl":"https:\/\/textilcarmem.com.br\/wp-content\/uploads\/2022\/01\/logo-textil-carmem-site-v2.jpg","width":272,"height":69,"caption":"Textil Carmem"},"image":{"@id":"https:\/\/textilcarmem.com.br\/#\/schema\/logo\/image\/"}}]}},"_links":{"self":[{"href":"https:\/\/textilcarmem.com.br\/en\/wp-json\/wp\/v2\/pages\/2011","targetHints":{"allow":["GET"]}}],"collection":[{"href":"https:\/\/textilcarmem.com.br\/en\/wp-json\/wp\/v2\/pages"}],"about":[{"href":"https:\/\/textilcarmem.com.br\/en\/wp-json\/wp\/v2\/types\/page"}],"author":[{"embeddable":true,"href":"https:\/\/textilcarmem.com.br\/en\/wp-json\/wp\/v2\/users\/1"}],"replies":[{"embeddable":true,"href":"https:\/\/textilcarmem.com.br\/en\/wp-json\/wp\/v2\/comments?post=2011"}],"version-history":[{"count":9,"href":"https:\/\/textilcarmem.com.br\/en\/wp-json\/wp\/v2\/pages\/2011\/revisions"}],"predecessor-version":[{"id":2543,"href":"https:\/\/textilcarmem.com.br\/en\/wp-json\/wp\/v2\/pages\/2011\/revisions\/2543"}],"wp:attachment":[{"href":"https:\/\/textilcarmem.com.br\/en\/wp-json\/wp\/v2\/media?parent=2011"}],"curies":[{"name":"wp","href":"https:\/\/api.w.org\/{rel}","templated":true}]}}