{"id":2502,"date":"2025-09-15T09:58:00","date_gmt":"2025-09-15T12:58:00","guid":{"rendered":"https:\/\/textilcarmem.com.br\/?page_id=2502"},"modified":"2025-09-15T10:16:10","modified_gmt":"2025-09-15T13:16:10","slug":"trabalhe-conosco","status":"publish","type":"page","link":"https:\/\/textilcarmem.com.br\/en\/trabalhe-conosco\/","title":{"rendered":"WORK WITH US"},"content":{"rendered":"\t\t<div data-elementor-type=\"wp-page\" data-elementor-id=\"2502\" class=\"elementor elementor-2502\" data-elementor-post-type=\"page\">\n\t\t\t\t\t\t<section class=\"elementor-section elementor-top-section elementor-element elementor-element-5e372ce elementor-section-content-middle elementor-reverse-mobile elementor-section-boxed elementor-section-height-default elementor-section-height-default\" data-id=\"5e372ce\" data-element_type=\"section\" data-e-type=\"section\" data-settings=\"{&quot;background_background&quot;:&quot;gradient&quot;,&quot;_ob_glider_is_slider&quot;:&quot;no&quot;}\">\n\t\t\t\t\t\t\t<div class=\"elementor-background-overlay\"><\/div>\n\t\t\t\t\t\t\t<div class=\"elementor-container elementor-column-gap-default\">\n\t\t\t\t\t<div class=\"elementor-column elementor-col-50 elementor-top-column elementor-element elementor-element-5202cde\" data-id=\"5202cde\" data-element_type=\"column\" data-e-type=\"column\" data-settings=\"{&quot;_ob_column_hoveranimator&quot;:&quot;no&quot;,&quot;_ob_column_has_pseudo&quot;:&quot;no&quot;}\">\n\t\t\t<div class=\"elementor-widget-wrap elementor-element-populated\">\n\t\t\t\t\t\t<div class=\"elementor-element elementor-element-7016d8f elementor-icon-list--layout-inline elementor-mobile-align-center animated-slow elementor-list-item-link-full_width elementor-invisible ob-has-background-overlay elementor-widget elementor-widget-icon-list\" data-id=\"7016d8f\" data-element_type=\"widget\" data-e-type=\"widget\" data-settings=\"{&quot;_animation&quot;:&quot;fadeInUp&quot;,&quot;_ob_widget_stalker_use&quot;:&quot;no&quot;,&quot;_ob_poopart_use&quot;:&quot;yes&quot;,&quot;_ob_shadough_use&quot;:&quot;no&quot;,&quot;_ob_allow_hoveranimator&quot;:&quot;no&quot;}\" data-widget_type=\"icon-list.default\">\n\t\t\t\t\t\t\t<ul class=\"elementor-icon-list-items elementor-inline-items\">\n\t\t\t\t\t\t\t<li class=\"elementor-icon-list-item elementor-inline-item\">\n\t\t\t\t\t\t\t\t\t\t\t<a href=\"https:\/\/textilcarmem.com.br\/en\">\n\n\t\t\t\t\t\t\t\t\t\t\t<span class=\"elementor-icon-list-text\">Home<\/span>\n\t\t\t\t\t\t\t\t\t\t\t<\/a>\n\t\t\t\t\t\t\t\t\t<\/li>\n\t\t\t\t\t\t\t\t<li class=\"elementor-icon-list-item elementor-inline-item\">\n\t\t\t\t\t\t\t\t\t\t\t<span class=\"elementor-icon-list-icon\">\n\t\t\t\t\t\t\t<i aria-hidden=\"true\" class=\"icon icon-minus\"><\/i>\t\t\t\t\t\t<\/span>\n\t\t\t\t\t\t\t\t\t\t<span class=\"elementor-icon-list-text\">Trabalhe Conosco<\/span>\n\t\t\t\t\t\t\t\t\t<\/li>\n\t\t\t\t\t\t<\/ul>\n\t\t\t\t\t\t<\/div>\n\t\t\t\t<div class=\"elementor-element elementor-element-d9ccf5f ob-harakiri-inherit elementor-invisible ob-has-background-overlay elementor-widget elementor-widget-heading\" data-id=\"d9ccf5f\" data-element_type=\"widget\" data-e-type=\"widget\" data-settings=\"{&quot;_animation&quot;:&quot;fadeIn&quot;,&quot;_ob_use_harakiri&quot;:&quot;yes&quot;,&quot;_ob_harakiri_writing_mode&quot;:&quot;inherit&quot;,&quot;_ob_harakiri_text_clip&quot;:&quot;none&quot;,&quot;_ob_widget_stalker_use&quot;:&quot;no&quot;,&quot;_ob_poopart_use&quot;:&quot;yes&quot;,&quot;_ob_shadough_use&quot;:&quot;no&quot;,&quot;_ob_allow_hoveranimator&quot;:&quot;no&quot;}\" data-widget_type=\"heading.default\">\n\t\t\t\t\t<h1 class=\"elementor-heading-title elementor-size-default\">Trabalhe Conosco<\/h1>\t\t\t\t<\/div>\n\t\t\t\t<div class=\"elementor-element elementor-element-8f7c5c4 ob-harakiri-inherit elementor-invisible ob-has-background-overlay elementor-widget elementor-widget-text-editor\" data-id=\"8f7c5c4\" data-element_type=\"widget\" data-e-type=\"widget\" data-settings=\"{&quot;_animation&quot;:&quot;fadeIn&quot;,&quot;_animation_delay&quot;:200,&quot;_ob_use_harakiri&quot;:&quot;yes&quot;,&quot;_ob_harakiri_writing_mode&quot;:&quot;inherit&quot;,&quot;_ob_postman_use&quot;:&quot;no&quot;,&quot;_ob_widget_stalker_use&quot;:&quot;no&quot;,&quot;_ob_poopart_use&quot;:&quot;yes&quot;,&quot;_ob_shadough_use&quot;:&quot;no&quot;,&quot;_ob_allow_hoveranimator&quot;:&quot;no&quot;}\" data-widget_type=\"text-editor.default\">\n\t\t\t\t\t\t\t\t\t<p class=\"MsoNormal\">Voc\u00ea quer fazer parte de uma empresa que valoriza qualidade, inova\u00e7\u00e3o e boas rela\u00e7\u00f5es? Aqui na <strong data-start=\"213\" data-end=\"230\">T\u00eaxtil Carmem<\/strong>, acreditamos que o nosso maior diferencial s\u00e3o as pessoas que trabalham conosco.<\/p>\t\t\t\t\t\t\t\t<\/div>\n\t\t\t\t\t<\/div>\n\t\t<\/div>\n\t\t\t\t<div class=\"elementor-column elementor-col-50 elementor-top-column elementor-element elementor-element-ed89ad7\" data-id=\"ed89ad7\" data-element_type=\"column\" data-e-type=\"column\" data-settings=\"{&quot;_ob_column_hoveranimator&quot;:&quot;no&quot;,&quot;_ob_column_has_pseudo&quot;:&quot;no&quot;}\">\n\t\t\t<div class=\"elementor-widget-wrap elementor-element-populated\">\n\t\t\t\t\t\t<div class=\"elementor-element elementor-element-c836615 animated-slow elementor-invisible ob-has-background-overlay elementor-widget elementor-widget-image\" data-id=\"c836615\" data-element_type=\"widget\" data-e-type=\"widget\" data-settings=\"{&quot;_animation&quot;:&quot;fadeInDown&quot;,&quot;_animation_delay&quot;:400,&quot;_ob_photomorph_use&quot;:&quot;no&quot;,&quot;_ob_widget_stalker_use&quot;:&quot;no&quot;,&quot;_ob_poopart_use&quot;:&quot;yes&quot;,&quot;_ob_shadough_use&quot;:&quot;no&quot;,&quot;_ob_allow_hoveranimator&quot;:&quot;no&quot;}\" data-widget_type=\"image.default\">\n\t\t\t\t\t\t\t\t\t\t\t\t\t\t\t<img decoding=\"async\" src=\"https:\/\/textilcarmem.com.br\/wp-content\/uploads\/elementor\/thumbs\/trabalhe-conosco-textil-carmen-rbsllx37fqln59kbrvbt9zbsudp22s843l2ld4ypgw.jpg\" title=\"trabalhe-conosco-textil-carmen\" alt=\"trabalhe-conosco-textil-carmen\" loading=\"lazy\" \/>\t\t\t\t\t\t\t\t\t\t\t\t\t\t\t<\/div>\n\t\t\t\t\t<\/div>\n\t\t<\/div>\n\t\t\t\t\t<\/div>\n\t\t<\/section>\n\t\t\t\t<section class=\"elementor-section elementor-top-section elementor-element elementor-element-357d4c6 elementor-section-boxed elementor-section-height-default elementor-section-height-default\" data-id=\"357d4c6\" data-element_type=\"section\" data-e-type=\"section\" data-settings=\"{&quot;_ob_glider_is_slider&quot;:&quot;no&quot;}\">\n\t\t\t\t\t\t<div class=\"elementor-container elementor-column-gap-default\">\n\t\t\t\t\t<div class=\"elementor-column elementor-col-100 elementor-top-column elementor-element elementor-element-1431960\" data-id=\"1431960\" data-element_type=\"column\" data-e-type=\"column\" data-settings=\"{&quot;_ob_column_hoveranimator&quot;:&quot;no&quot;,&quot;_ob_column_has_pseudo&quot;:&quot;no&quot;}\">\n\t\t\t<div class=\"elementor-widget-wrap elementor-element-populated\">\n\t\t\t\t\t\t<div class=\"elementor-element elementor-element-6746971 elementor-button-align-stretch ob-has-background-overlay elementor-widget elementor-widget-form\" data-id=\"6746971\" data-element_type=\"widget\" data-e-type=\"widget\" data-settings=\"{&quot;step_next_label&quot;:&quot;Pr\\u00f3ximo&quot;,&quot;step_previous_label&quot;:&quot;Anterior&quot;,&quot;button_width&quot;:&quot;100&quot;,&quot;step_type&quot;:&quot;number_text&quot;,&quot;step_icon_shape&quot;:&quot;circle&quot;,&quot;_ob_widget_stalker_use&quot;:&quot;no&quot;,&quot;_ob_poopart_use&quot;:&quot;yes&quot;,&quot;_ob_shadough_use&quot;:&quot;no&quot;,&quot;_ob_allow_hoveranimator&quot;:&quot;no&quot;}\" data-widget_type=\"form.default\">\n\t\t\t\t\t\t\t<form class=\"elementor-form\" method=\"post\" name=\"Formul\u00e1rio - Trabalhe Conosco\" aria-label=\"Formul\u00e1rio - Trabalhe Conosco\">\n\t\t\t<input type=\"hidden\" name=\"post_id\" value=\"2502\"\/>\n\t\t\t<input type=\"hidden\" name=\"form_id\" value=\"6746971\"\/>\n\t\t\t<input type=\"hidden\" name=\"referer_title\" value=\"Trabalhe Conosco - Textil Carmem\" \/>\n\n\t\t\t\t\t\t\t<input type=\"hidden\" name=\"queried_id\" value=\"2502\"\/>\n\t\t\t\n\t\t\t<div class=\"elementor-form-fields-wrapper elementor-labels-above\">\n\t\t\t\t\t\t\t\t<div class=\"elementor-field-type-text elementor-field-group elementor-column elementor-field-group-name elementor-col-33\">\n\t\t\t\t\t\t\t\t\t\t\t\t<label for=\"form-field-name\" class=\"elementor-field-label\">\n\t\t\t\t\t\t\t\tNome\t\t\t\t\t\t\t<\/label>\n\t\t\t\t\t\t\t\t\t\t\t\t\t\t<input size=\"1\" type=\"text\" name=\"form_fields[name]\" id=\"form-field-name\" class=\"elementor-field elementor-size-md  elementor-field-textual\" placeholder=\"Nome\">\n\t\t\t\t\t\t\t\t\t\t\t<\/div>\n\t\t\t\t\t\t\t\t<div class=\"elementor-field-type-tel elementor-field-group elementor-column elementor-field-group-field_a41d74f elementor-col-33 elementor-field-required\">\n\t\t\t\t\t\t\t\t\t\t\t\t<label for=\"form-field-field_a41d74f\" class=\"elementor-field-label\">\n\t\t\t\t\t\t\t\tTelefone\t\t\t\t\t\t\t<\/label>\n\t\t\t\t\t\t\t\t<input size=\"1\" type=\"tel\" name=\"form_fields[field_a41d74f]\" id=\"form-field-field_a41d74f\" class=\"elementor-field elementor-size-md  elementor-field-textual\" placeholder=\"Telefone\" required=\"required\" pattern=\"[0-9()#&amp;+*-=.]+\" title=\"Apenas n\u00fameros e caracteres de telefone (#, -, *, etc.) s\u00e3o aceitos.\">\n\n\t\t\t\t\t\t<\/div>\n\t\t\t\t\t\t\t\t<div class=\"elementor-field-type-email elementor-field-group elementor-column elementor-field-group-email elementor-col-33 elementor-field-required\">\n\t\t\t\t\t\t\t\t\t\t\t\t<label for=\"form-field-email\" class=\"elementor-field-label\">\n\t\t\t\t\t\t\t\tE-mail\t\t\t\t\t\t\t<\/label>\n\t\t\t\t\t\t\t\t\t\t\t\t\t\t<input size=\"1\" type=\"email\" name=\"form_fields[email]\" id=\"form-field-email\" class=\"elementor-field elementor-size-md  elementor-field-textual\" placeholder=\"E-mail\" required=\"required\">\n\t\t\t\t\t\t\t\t\t\t\t<\/div>\n\t\t\t\t\t\t\t\t<div class=\"elementor-field-type-upload elementor-field-group elementor-column elementor-field-group-field_6f7a072 elementor-col-100\">\n\t\t\t\t\t\t\t\t\t\t\t\t<label for=\"form-field-field_6f7a072\" class=\"elementor-field-label\">\n\t\t\t\t\t\t\t\tEnvie seu curr\u00edculo\t\t\t\t\t\t\t<\/label>\n\t\t\t\t\t\t\t\t<input type=\"file\" name=\"form_fields[field_6f7a072]\" id=\"form-field-field_6f7a072\" class=\"elementor-field elementor-size-md  elementor-upload-field\">\n\n\t\t\t\t\t\t<\/div>\n\t\t\t\t\t\t\t\t<div class=\"elementor-field-type-textarea elementor-field-group elementor-column elementor-field-group-message elementor-col-100\">\n\t\t\t\t\t\t\t\t\t\t\t\t<label for=\"form-field-message\" class=\"elementor-field-label\">\n\t\t\t\t\t\t\t\tMensagem\t\t\t\t\t\t\t<\/label>\n\t\t\t\t\t\t<textarea class=\"elementor-field-textual elementor-field  elementor-size-md\" name=\"form_fields[message]\" id=\"form-field-message\" rows=\"4\" placeholder=\"Mensagem\"><\/textarea>\t\t\t\t<\/div>\n\t\t\t\t\t\t\t\t<div class=\"elementor-field-type-acceptance elementor-field-group elementor-column elementor-field-group-field_a4dfa56 elementor-col-100 elementor-field-required\">\n\t\t\t\t\t\t\t<div class=\"elementor-field-subgroup\">\n\t\t\t<span class=\"elementor-field-option\">\n\t\t\t\t<input type=\"checkbox\" name=\"form_fields[field_a4dfa56]\" id=\"form-field-field_a4dfa56\" class=\"elementor-field elementor-size-md  elementor-acceptance-field\" required=\"required\">\n\t\t\t\t<label for=\"form-field-field_a4dfa56\">Autorizo o envio dos meus dados e documentos enviados, conforme a LGPD.\n\n<\/label>\t\t\t<\/span>\n\t\t<\/div>\n\t\t\t\t\t\t<\/div>\n\t\t\t\t\t\t\t\t<div class=\"elementor-field-group elementor-column elementor-field-type-submit elementor-col-100 e-form__buttons\">\n\t\t\t\t\t<button class=\"elementor-button elementor-size-md\" type=\"submit\">\n\t\t\t\t\t\t<span class=\"elementor-button-content-wrapper\">\n\t\t\t\t\t\t\t\t\t\t\t\t\t\t\t\t\t\t\t\t\t\t<span class=\"elementor-button-text\">Enviar Meu Curr\u00edculo<\/span>\n\t\t\t\t\t\t\t\t\t\t\t\t\t<\/span>\n\t\t\t\t\t<\/button>\n\t\t\t\t<\/div>\n\t\t\t<\/div>\n\t\t<\/form>\n\t\t\t\t\t\t<\/div>\n\t\t\t\t<div class=\"elementor-element elementor-element-7faad8f ob-harakiri-inherit ob-has-background-overlay elementor-widget elementor-widget-text-editor\" data-id=\"7faad8f\" data-element_type=\"widget\" data-e-type=\"widget\" data-settings=\"{&quot;_ob_use_harakiri&quot;:&quot;yes&quot;,&quot;_ob_harakiri_writing_mode&quot;:&quot;inherit&quot;,&quot;_ob_postman_use&quot;:&quot;no&quot;,&quot;_ob_widget_stalker_use&quot;:&quot;no&quot;,&quot;_ob_poopart_use&quot;:&quot;yes&quot;,&quot;_ob_shadough_use&quot;:&quot;no&quot;,&quot;_ob_allow_hoveranimator&quot;:&quot;no&quot;}\" data-widget_type=\"text-editor.default\">\n\t\t\t\t\t\t\t\t\t<p>Ver aqui as <a href=\"https:\/\/textilcarmem.com.br\/politica-de-privacidade\/\">Pol\u00edticas de Privacidade<\/a>\u00a0e de <a href=\"https:\/\/textilcarmem.com.br\/transparencia-salarial\/\">Transpar\u00eancia Salarial<\/a>.<\/p>\t\t\t\t\t\t\t\t<\/div>\n\t\t\t\t\t<\/div>\n\t\t<\/div>\n\t\t\t\t\t<\/div>\n\t\t<\/section>\n\t\t\t\t<\/div>\n\t\t","protected":false},"excerpt":{"rendered":"<p>Home Voc\u00ea quer fazer parte de uma empresa que valoriza qualidade, inova\u00e7\u00e3o e boas rela\u00e7\u00f5es? Aqui na T\u00eaxtil Carmem, acreditamos que o nosso maior diferencial s\u00e3o as pessoas que trabalham conosco. Ver aqui as Pol\u00edticas de Privacidade\u00a0e de Transpar\u00eancia Salarial.<\/p>","protected":false},"author":3,"featured_media":0,"parent":0,"menu_order":0,"comment_status":"closed","ping_status":"closed","template":"elementor_header_footer","meta":{"footnotes":""},"class_list":["post-2502","page","type-page","status-publish","hentry"],"yoast_head":"<!-- This site is optimized with the Yoast SEO plugin v27.2 - https:\/\/yoast.com\/product\/yoast-seo-wordpress\/ -->\n<title>Trabalhe Conosco - Textil Carmem<\/title>\n<meta name=\"robots\" content=\"index, follow, max-snippet:-1, max-image-preview:large, max-video-preview:-1\" \/>\n<link rel=\"canonical\" href=\"https:\/\/textilcarmem.com.br\/en\/trabalhe-conosco\/\" \/>\n<meta property=\"og:locale\" content=\"en_US\" \/>\n<meta property=\"og:type\" content=\"article\" \/>\n<meta property=\"og:title\" content=\"Trabalhe Conosco - Textil Carmem\" \/>\n<meta property=\"og:description\" content=\"Home Voc\u00ea quer fazer parte de uma empresa que valoriza qualidade, inova\u00e7\u00e3o e boas rela\u00e7\u00f5es? Aqui na T\u00eaxtil Carmem, acreditamos que o nosso maior diferencial s\u00e3o as pessoas que trabalham conosco. Ver aqui as Pol\u00edticas de Privacidade\u00a0e de Transpar\u00eancia Salarial.\" \/>\n<meta property=\"og:url\" content=\"https:\/\/textilcarmem.com.br\/en\/trabalhe-conosco\/\" \/>\n<meta property=\"og:site_name\" content=\"Textil Carmem\" \/>\n<meta property=\"article:modified_time\" content=\"2025-09-15T13:16:10+00:00\" \/>\n<meta property=\"og:image\" content=\"https:\/\/textilcarmem.com.br\/wp-content\/uploads\/elementor\/thumbs\/trabalhe-conosco-textil-carmen-rbsllx37fqln59kbrvbt9zbsudp22s843l2l37qhvk.jpg\" \/>\n<meta name=\"twitter:card\" content=\"summary_large_image\" \/>\n<meta name=\"twitter:label1\" content=\"Est. reading time\" \/>\n\t<meta name=\"twitter:data1\" content=\"1 minute\" \/>\n<script type=\"application\/ld+json\" class=\"yoast-schema-graph\">{\"@context\":\"https:\/\/schema.org\",\"@graph\":[{\"@type\":\"WebPage\",\"@id\":\"https:\/\/textilcarmem.com.br\/trabalhe-conosco\/\",\"url\":\"https:\/\/textilcarmem.com.br\/trabalhe-conosco\/\",\"name\":\"Trabalhe Conosco - Textil Carmem\",\"isPartOf\":{\"@id\":\"https:\/\/textilcarmem.com.br\/#website\"},\"primaryImageOfPage\":{\"@id\":\"https:\/\/textilcarmem.com.br\/trabalhe-conosco\/#primaryimage\"},\"image\":{\"@id\":\"https:\/\/textilcarmem.com.br\/trabalhe-conosco\/#primaryimage\"},\"thumbnailUrl\":\"https:\/\/textilcarmem.com.br\/wp-content\/uploads\/elementor\/thumbs\/trabalhe-conosco-textil-carmen-rbsllx37fqln59kbrvbt9zbsudp22s843l2l37qhvk.jpg\",\"datePublished\":\"2025-09-15T12:58:00+00:00\",\"dateModified\":\"2025-09-15T13:16:10+00:00\",\"breadcrumb\":{\"@id\":\"https:\/\/textilcarmem.com.br\/trabalhe-conosco\/#breadcrumb\"},\"inLanguage\":\"en-US\",\"potentialAction\":[{\"@type\":\"ReadAction\",\"target\":[\"https:\/\/textilcarmem.com.br\/trabalhe-conosco\/\"]}]},{\"@type\":\"ImageObject\",\"inLanguage\":\"en-US\",\"@id\":\"https:\/\/textilcarmem.com.br\/trabalhe-conosco\/#primaryimage\",\"url\":\"https:\/\/textilcarmem.com.br\/wp-content\/uploads\/elementor\/thumbs\/trabalhe-conosco-textil-carmen-rbsllx37fqln59kbrvbt9zbsudp22s843l2l37qhvk.jpg\",\"contentUrl\":\"https:\/\/textilcarmem.com.br\/wp-content\/uploads\/elementor\/thumbs\/trabalhe-conosco-textil-carmen-rbsllx37fqln59kbrvbt9zbsudp22s843l2l37qhvk.jpg\"},{\"@type\":\"BreadcrumbList\",\"@id\":\"https:\/\/textilcarmem.com.br\/trabalhe-conosco\/#breadcrumb\",\"itemListElement\":[{\"@type\":\"ListItem\",\"position\":1,\"name\":\"In\u00edcio\",\"item\":\"https:\/\/textilcarmem.com.br\/\"},{\"@type\":\"ListItem\",\"position\":2,\"name\":\"Trabalhe Conosco\"}]},{\"@type\":\"WebSite\",\"@id\":\"https:\/\/textilcarmem.com.br\/#website\",\"url\":\"https:\/\/textilcarmem.com.br\/\",\"name\":\"Textil Carmem\",\"description\":\"Ind\u00fastria T\u00eaxtil. Fabricante de fios t\u00eaxteis para Malharia e Tecelagem. Itapira, SP.\",\"publisher\":{\"@id\":\"https:\/\/textilcarmem.com.br\/#organization\"},\"potentialAction\":[{\"@type\":\"SearchAction\",\"target\":{\"@type\":\"EntryPoint\",\"urlTemplate\":\"https:\/\/textilcarmem.com.br\/?s={search_term_string}\"},\"query-input\":{\"@type\":\"PropertyValueSpecification\",\"valueRequired\":true,\"valueName\":\"search_term_string\"}}],\"inLanguage\":\"en-US\"},{\"@type\":\"Organization\",\"@id\":\"https:\/\/textilcarmem.com.br\/#organization\",\"name\":\"Textil Carmem\",\"url\":\"https:\/\/textilcarmem.com.br\/\",\"logo\":{\"@type\":\"ImageObject\",\"inLanguage\":\"en-US\",\"@id\":\"https:\/\/textilcarmem.com.br\/#\/schema\/logo\/image\/\",\"url\":\"https:\/\/textilcarmem.com.br\/wp-content\/uploads\/2022\/01\/logo-textil-carmem-site-v2.jpg\",\"contentUrl\":\"https:\/\/textilcarmem.com.br\/wp-content\/uploads\/2022\/01\/logo-textil-carmem-site-v2.jpg\",\"width\":272,\"height\":69,\"caption\":\"Textil Carmem\"},\"image\":{\"@id\":\"https:\/\/textilcarmem.com.br\/#\/schema\/logo\/image\/\"}}]}<\/script>\n<!-- \/ Yoast SEO plugin. -->","yoast_head_json":{"title":"Trabalhe Conosco - Textil Carmem","robots":{"index":"index","follow":"follow","max-snippet":"max-snippet:-1","max-image-preview":"max-image-preview:large","max-video-preview":"max-video-preview:-1"},"canonical":"https:\/\/textilcarmem.com.br\/en\/trabalhe-conosco\/","og_locale":"en_US","og_type":"article","og_title":"Trabalhe Conosco - Textil Carmem","og_description":"Home Voc\u00ea quer fazer parte de uma empresa que valoriza qualidade, inova\u00e7\u00e3o e boas rela\u00e7\u00f5es? Aqui na T\u00eaxtil Carmem, acreditamos que o nosso maior diferencial s\u00e3o as pessoas que trabalham conosco. Ver aqui as Pol\u00edticas de Privacidade\u00a0e de Transpar\u00eancia Salarial.","og_url":"https:\/\/textilcarmem.com.br\/en\/trabalhe-conosco\/","og_site_name":"Textil Carmem","article_modified_time":"2025-09-15T13:16:10+00:00","og_image":[{"url":"https:\/\/textilcarmem.com.br\/wp-content\/uploads\/elementor\/thumbs\/trabalhe-conosco-textil-carmen-rbsllx37fqln59kbrvbt9zbsudp22s843l2l37qhvk.jpg","type":"","width":"","height":""}],"twitter_card":"summary_large_image","twitter_misc":{"Est. reading time":"1 minute"},"schema":{"@context":"https:\/\/schema.org","@graph":[{"@type":"WebPage","@id":"https:\/\/textilcarmem.com.br\/trabalhe-conosco\/","url":"https:\/\/textilcarmem.com.br\/trabalhe-conosco\/","name":"Trabalhe Conosco - Textil Carmem","isPartOf":{"@id":"https:\/\/textilcarmem.com.br\/#website"},"primaryImageOfPage":{"@id":"https:\/\/textilcarmem.com.br\/trabalhe-conosco\/#primaryimage"},"image":{"@id":"https:\/\/textilcarmem.com.br\/trabalhe-conosco\/#primaryimage"},"thumbnailUrl":"https:\/\/textilcarmem.com.br\/wp-content\/uploads\/elementor\/thumbs\/trabalhe-conosco-textil-carmen-rbsllx37fqln59kbrvbt9zbsudp22s843l2l37qhvk.jpg","datePublished":"2025-09-15T12:58:00+00:00","dateModified":"2025-09-15T13:16:10+00:00","breadcrumb":{"@id":"https:\/\/textilcarmem.com.br\/trabalhe-conosco\/#breadcrumb"},"inLanguage":"en-US","potentialAction":[{"@type":"ReadAction","target":["https:\/\/textilcarmem.com.br\/trabalhe-conosco\/"]}]},{"@type":"ImageObject","inLanguage":"en-US","@id":"https:\/\/textilcarmem.com.br\/trabalhe-conosco\/#primaryimage","url":"https:\/\/textilcarmem.com.br\/wp-content\/uploads\/elementor\/thumbs\/trabalhe-conosco-textil-carmen-rbsllx37fqln59kbrvbt9zbsudp22s843l2l37qhvk.jpg","contentUrl":"https:\/\/textilcarmem.com.br\/wp-content\/uploads\/elementor\/thumbs\/trabalhe-conosco-textil-carmen-rbsllx37fqln59kbrvbt9zbsudp22s843l2l37qhvk.jpg"},{"@type":"BreadcrumbList","@id":"https:\/\/textilcarmem.com.br\/trabalhe-conosco\/#breadcrumb","itemListElement":[{"@type":"ListItem","position":1,"name":"In\u00edcio","item":"https:\/\/textilcarmem.com.br\/"},{"@type":"ListItem","position":2,"name":"Trabalhe Conosco"}]},{"@type":"WebSite","@id":"https:\/\/textilcarmem.com.br\/#website","url":"https:\/\/textilcarmem.com.br\/","name":"Textil Carmem","description":"Ind\u00fastria T\u00eaxtil. Fabricante de fios t\u00eaxteis para Malharia e Tecelagem. Itapira, SP.","publisher":{"@id":"https:\/\/textilcarmem.com.br\/#organization"},"potentialAction":[{"@type":"SearchAction","target":{"@type":"EntryPoint","urlTemplate":"https:\/\/textilcarmem.com.br\/?s={search_term_string}"},"query-input":{"@type":"PropertyValueSpecification","valueRequired":true,"valueName":"search_term_string"}}],"inLanguage":"en-US"},{"@type":"Organization","@id":"https:\/\/textilcarmem.com.br\/#organization","name":"Textil Carmem","url":"https:\/\/textilcarmem.com.br\/","logo":{"@type":"ImageObject","inLanguage":"en-US","@id":"https:\/\/textilcarmem.com.br\/#\/schema\/logo\/image\/","url":"https:\/\/textilcarmem.com.br\/wp-content\/uploads\/2022\/01\/logo-textil-carmem-site-v2.jpg","contentUrl":"https:\/\/textilcarmem.com.br\/wp-content\/uploads\/2022\/01\/logo-textil-carmem-site-v2.jpg","width":272,"height":69,"caption":"Textil Carmem"},"image":{"@id":"https:\/\/textilcarmem.com.br\/#\/schema\/logo\/image\/"}}]}},"_links":{"self":[{"href":"https:\/\/textilcarmem.com.br\/en\/wp-json\/wp\/v2\/pages\/2502","targetHints":{"allow":["GET"]}}],"collection":[{"href":"https:\/\/textilcarmem.com.br\/en\/wp-json\/wp\/v2\/pages"}],"about":[{"href":"https:\/\/textilcarmem.com.br\/en\/wp-json\/wp\/v2\/types\/page"}],"author":[{"embeddable":true,"href":"https:\/\/textilcarmem.com.br\/en\/wp-json\/wp\/v2\/users\/3"}],"replies":[{"embeddable":true,"href":"https:\/\/textilcarmem.com.br\/en\/wp-json\/wp\/v2\/comments?post=2502"}],"version-history":[{"count":31,"href":"https:\/\/textilcarmem.com.br\/en\/wp-json\/wp\/v2\/pages\/2502\/revisions"}],"predecessor-version":[{"id":2536,"href":"https:\/\/textilcarmem.com.br\/en\/wp-json\/wp\/v2\/pages\/2502\/revisions\/2536"}],"wp:attachment":[{"href":"https:\/\/textilcarmem.com.br\/en\/wp-json\/wp\/v2\/media?parent=2502"}],"curies":[{"name":"wp","href":"https:\/\/api.w.org\/{rel}","templated":true}]}}